{"id":103,"date":"2017-05-21T13:02:29","date_gmt":"2017-05-21T11:02:29","guid":{"rendered":"https:\/\/www.awo-arzberg.de\/?page_id=103"},"modified":"2026-03-01T21:29:31","modified_gmt":"2026-03-01T20:29:31","slug":"ueber-uns","status":"publish","type":"page","link":"https:\/\/www.awo-arzberg.de\/?page_id=103","title":{"rendered":"Wer wir sind"},"content":{"rendered":"<p data-path-to-node=\"5\"><span style=\"font-size: 18pt;\"><strong>Gemeinsam f\u00fcr Gerechtigkeit: Die Arbeiterwohlfahrt<\/strong><\/span><\/p>\n<p data-path-to-node=\"5\">Die AWO ist mehr als nur ein Wohlfahrtsverband \u2013 sie ist eine Bewegung mit Geschichte. Als einer der sechs Spitzenverb\u00e4nde der Freien Wohlfahrtspflege setzen wir uns aktiv f\u00fcr einen starken, sozialen Rechtsstaat ein.<\/p>\n<p data-path-to-node=\"6\">Bei uns engagieren sich Menschen ehrenamtlich und hauptamtlich Hand in Hand. Unser Ziel? Soziale Herausforderungen gemeinsam bew\u00e4ltigen. Unsere Leits\u00e4tze und unser Grundsatzprogramm sind dabei nicht nur Theorie, sondern der Kompass f\u00fcr unser t\u00e4gliches Handeln: solidarisch, tolerant und freiheitlich.<\/p>\n<p>&nbsp;<\/p>\n<p><span style=\"font-family: arial,helvetica,sans-serif; font-size: 12pt;\"><a href=\"https:\/\/www.awo.org\/unsere-werte\" target=\"_blank\" rel=\"noopener noreferrer\">Unsere Werte<\/a><\/span><\/p>\n","protected":false},"excerpt":{"rendered":"<p>Gemeinsam f\u00fcr Gerechtigkeit: Die Arbeiterwohlfahrt Die AWO ist mehr als nur ein Wohlfahrtsverband \u2013 sie ist eine Bewegung mit Geschichte. Als einer der sechs Spitzenverb\u00e4nde der Freien Wohlfahrtspflege setzen wir uns aktiv f\u00fcr einen starken, sozialen Rechtsstaat ein. Bei uns engagieren sich Menschen ehrenamtlich und hauptamtlich Hand in Hand. Unser Ziel? Soziale Herausforderungen gemeinsam bew\u00e4ltigen. [&hellip;]<\/p>\n","protected":false},"author":1,"featured_media":0,"parent":39,"menu_order":1,"comment_status":"closed","ping_status":"closed","template":"","meta":{"footnotes":""},"class_list":["post-103","page","type-page","status-publish","hentry"],"_links":{"self":[{"href":"https:\/\/www.awo-arzberg.de\/index.php?rest_route=\/wp\/v2\/pages\/103","targetHints":{"allow":["GET"]}}],"collection":[{"href":"https:\/\/www.awo-arzberg.de\/index.php?rest_route=\/wp\/v2\/pages"}],"about":[{"href":"https:\/\/www.awo-arzberg.de\/index.php?rest_route=\/wp\/v2\/types\/page"}],"author":[{"embeddable":true,"href":"https:\/\/www.awo-arzberg.de\/index.php?rest_route=\/wp\/v2\/users\/1"}],"replies":[{"embeddable":true,"href":"https:\/\/www.awo-arzberg.de\/index.php?rest_route=%2Fwp%2Fv2%2Fcomments&post=103"}],"version-history":[{"count":10,"href":"https:\/\/www.awo-arzberg.de\/index.php?rest_route=\/wp\/v2\/pages\/103\/revisions"}],"predecessor-version":[{"id":2156,"href":"https:\/\/www.awo-arzberg.de\/index.php?rest_route=\/wp\/v2\/pages\/103\/revisions\/2156"}],"up":[{"embeddable":true,"href":"https:\/\/www.awo-arzberg.de\/index.php?rest_route=\/wp\/v2\/pages\/39"}],"wp:attachment":[{"href":"https:\/\/www.awo-arzberg.de\/index.php?rest_route=%2Fwp%2Fv2%2Fmedia&parent=103"}],"curies":[{"name":"wp","href":"https:\/\/api.w.org\/{rel}","templated":true}]}}