{"id":105,"date":"2017-05-21T13:02:52","date_gmt":"2017-05-21T11:02:52","guid":{"rendered":"https:\/\/www.awo-arzberg.de\/?page_id=105"},"modified":"2026-03-14T10:59:21","modified_gmt":"2026-03-14T09:59:21","slug":"vorstand","status":"publish","type":"page","link":"https:\/\/www.awo-arzberg.de\/?page_id=105","title":{"rendered":"Unsere K\u00f6pfe"},"content":{"rendered":"<p data-path-to-node=\"5\"><span style=\"font-size: 18pt; font-family: verdana, geneva, sans-serif;\"><strong>Die K\u00f6pfe hinter unserem Ortsverein<\/strong><\/span><\/p>\n<p data-path-to-node=\"5\"><span style=\"font-family: verdana, geneva, sans-serif;\"><strong><span style=\"font-size: 18pt;\">Gemeinsam f\u00fcr ein starkes Miteinander<\/span><\/strong><\/span><\/p>\n<p data-path-to-node=\"5\"><span style=\"font-family: verdana, geneva, sans-serif;\">Hinter der Arbeit unseres Ortsvereins stehen Menschen, die sich aus \u00dcberzeugung f\u00fcr soziale Gerechtigkeit und den Zusammenhalt in unserer Gemeinde einsetzen. Unser Vorstand arbeitet Hand in Hand \u2013 ehrenamtlich, motiviert und immer mit einem offenen Ohr f\u00fcr Ihre Anliegen.<\/span><\/p>\n<p data-path-to-node=\"6\"><span style=\"font-family: verdana, geneva, sans-serif;\">Wir planen unsere Aktivit\u00e4ten, verwalten die Geschicke des Vereins und sind vor allem eines: <b data-path-to-node=\"6\" data-index-in-node=\"93\">Ansprechpartner f\u00fcr Sie.<\/b><\/span><\/p>\n<p data-path-to-node=\"6\"><em>\u201eEin Verein ist nur so stark wie die Gemeinschaft, die ihn tr\u00e4gt. Wir freuen uns, diese Verantwortung f\u00fcr unseren Ortsverein \u00fcbernehmen zu d\u00fcrfen.&#8220;<\/em><\/p>\n<table style=\"border-collapse: collapse; width: 71.3023%; height: 390px;\">\n<tbody>\n<tr style=\"height: 148px;\">\n<td style=\"width: 16.5055%; height: 105px;\"><img fetchpriority=\"high\" decoding=\"async\" class=\"alignnone size-full wp-image-2163\" src=\"https:\/\/www.awo-arzberg.de\/wp-content\/uploads\/2026\/03\/Alex-Wagner.jpeg\" alt=\"\" width=\"1754\" height=\"2048\" srcset=\"https:\/\/www.awo-arzberg.de\/wp-content\/uploads\/2026\/03\/Alex-Wagner.jpeg 1754w, https:\/\/www.awo-arzberg.de\/wp-content\/uploads\/2026\/03\/Alex-Wagner-343x400.jpeg 343w, https:\/\/www.awo-arzberg.de\/wp-content\/uploads\/2026\/03\/Alex-Wagner-877x1024.jpeg 877w, https:\/\/www.awo-arzberg.de\/wp-content\/uploads\/2026\/03\/Alex-Wagner-768x897.jpeg 768w, https:\/\/www.awo-arzberg.de\/wp-content\/uploads\/2026\/03\/Alex-Wagner-1316x1536.jpeg 1316w\" sizes=\"(max-width: 1754px) 100vw, 1754px\" \/><\/td>\n<td style=\"width: 45.8212%; height: 105px;\">\n<p style=\"text-align: center;\"><span style=\"font-size: 12pt; font-family: verdana, geneva, sans-serif;\">1. Vorstand<\/span><\/p>\n<p style=\"text-align: center;\"><span style=\"font-size: 14pt; font-family: verdana, geneva, sans-serif;\"><strong>Alexander Wagner<\/strong><\/span><\/p>\n<p style=\"text-align: center;\"><span style=\"font-size: 12pt; font-family: verdana, geneva, sans-serif;\">&#8222;Herz und Motor unseres Vereins.&#8220;<\/span><\/p>\n<\/td>\n<td style=\"width: 129.119%;\">\n<p style=\"text-align: center;\"><strong><span style=\"font-size: 12pt; font-family: verdana, geneva, sans-serif;\">E-Mail an Alexander Wagner<\/span><\/strong><\/p>\n<p style=\"text-align: center;\"><a href=\"mailto:wagner@awo-wunsiedel.org?subject=Anfrage%20\u00fcber%20die%20Website\"><span style=\"font-family: verdana, geneva, sans-serif;\">wagner@awo-wunsiedel.org<\/span><\/a><\/p>\n<\/td>\n<\/tr>\n<tr style=\"height: 144px;\">\n<td style=\"width: 16.5055%; height: 73px;\"><img decoding=\"async\" class=\"alignnone size-full wp-image-2164\" src=\"https:\/\/www.awo-arzberg.de\/wp-content\/uploads\/2026\/03\/Ben-Wagner.jpeg\" alt=\"\" width=\"1941\" height=\"2048\" srcset=\"https:\/\/www.awo-arzberg.de\/wp-content\/uploads\/2026\/03\/Ben-Wagner.jpeg 1941w, https:\/\/www.awo-arzberg.de\/wp-content\/uploads\/2026\/03\/Ben-Wagner-379x400.jpeg 379w, https:\/\/www.awo-arzberg.de\/wp-content\/uploads\/2026\/03\/Ben-Wagner-971x1024.jpeg 971w, https:\/\/www.awo-arzberg.de\/wp-content\/uploads\/2026\/03\/Ben-Wagner-768x810.jpeg 768w, https:\/\/www.awo-arzberg.de\/wp-content\/uploads\/2026\/03\/Ben-Wagner-1456x1536.jpeg 1456w\" sizes=\"(max-width: 1941px) 100vw, 1941px\" \/><\/td>\n<td style=\"width: 45.8212%; height: 73px;\">\n<p style=\"text-align: center;\"><span style=\"font-size: 12pt; font-family: verdana, geneva, sans-serif;\">stellv. Vorstand<\/span><\/p>\n<p style=\"text-align: center;\"><span style=\"font-size: 14pt;\"><strong><span style=\"font-family: verdana, geneva, sans-serif;\">Ben Wagner<\/span><\/strong><\/span><\/p>\n<p style=\"text-align: center;\"><span style=\"font-size: 12pt; font-family: verdana, geneva, sans-serif;\">&#8222;Immer da, wo Hilfe gebraucht wird.&#8220;<\/span><\/p>\n<\/td>\n<td style=\"width: 129.119%;\">\n<p style=\"text-align: center;\"><span style=\"font-size: 12pt; font-family: verdana, geneva, sans-serif;\">\u00a0<\/span><\/p>\n<\/td>\n<\/tr>\n<tr style=\"height: 146px;\">\n<td style=\"width: 16.5055%; height: 102px;\"><img decoding=\"async\" class=\"alignnone size-full wp-image-2160\" src=\"https:\/\/www.awo-arzberg.de\/wp-content\/uploads\/2026\/03\/Steffi-Wagner.png\" alt=\"\" width=\"992\" height=\"1056\" srcset=\"https:\/\/www.awo-arzberg.de\/wp-content\/uploads\/2026\/03\/Steffi-Wagner.png 992w, https:\/\/www.awo-arzberg.de\/wp-content\/uploads\/2026\/03\/Steffi-Wagner-376x400.png 376w, https:\/\/www.awo-arzberg.de\/wp-content\/uploads\/2026\/03\/Steffi-Wagner-962x1024.png 962w, https:\/\/www.awo-arzberg.de\/wp-content\/uploads\/2026\/03\/Steffi-Wagner-768x818.png 768w\" sizes=\"(max-width: 992px) 100vw, 992px\" \/><\/td>\n<td style=\"width: 45.8212%; height: 102px;\">\n<p style=\"text-align: center;\"><span style=\"font-size: 12pt; font-family: verdana, geneva, sans-serif;\">Kassiererin<\/span><\/p>\n<p style=\"text-align: center;\"><span style=\"font-size: 14pt;\"><strong><span style=\"font-family: verdana, geneva, sans-serif;\">Steffi Wagner<\/span><\/strong><\/span><\/p>\n<p style=\"text-align: center;\"><span style=\"font-size: 12pt; font-family: verdana, geneva, sans-serif;\">&#8222;Unsere Zahlen fest im Blick.&#8220;<\/span><\/p>\n<\/td>\n<td style=\"width: 129.119%;\">\n<p style=\"text-align: center;\"><strong><span style=\"font-size: 12pt; font-family: verdana, geneva, sans-serif;\">E-Mail an Steffi Wagner<\/span><\/strong><\/p>\n<p style=\"text-align: center;\"><a href=\"mailto:awo-kids@awo-arzberg.de?subject=Anfrage%20\u00fcber%20die%20Website\"><span style=\"font-size: 12pt; font-family: verdana, geneva, sans-serif;\">awo-kids@awo-arzberg.de\u00a0<\/span><\/a><\/p>\n<\/td>\n<\/tr>\n<tr style=\"height: 142px;\">\n<td style=\"width: 16.5055%; height: 110px;\"><img loading=\"lazy\" decoding=\"async\" class=\"alignnone size-full wp-image-2165\" src=\"https:\/\/www.awo-arzberg.de\/wp-content\/uploads\/2026\/03\/Heige-Faltenbacher.jpeg\" alt=\"\" width=\"1977\" height=\"2048\" srcset=\"https:\/\/www.awo-arzberg.de\/wp-content\/uploads\/2026\/03\/Heige-Faltenbacher.jpeg 1977w, https:\/\/www.awo-arzberg.de\/wp-content\/uploads\/2026\/03\/Heige-Faltenbacher-386x400.jpeg 386w, https:\/\/www.awo-arzberg.de\/wp-content\/uploads\/2026\/03\/Heige-Faltenbacher-989x1024.jpeg 989w, https:\/\/www.awo-arzberg.de\/wp-content\/uploads\/2026\/03\/Heige-Faltenbacher-768x796.jpeg 768w, https:\/\/www.awo-arzberg.de\/wp-content\/uploads\/2026\/03\/Heige-Faltenbacher-1483x1536.jpeg 1483w\" sizes=\"(max-width: 1977px) 100vw, 1977px\" \/><\/td>\n<td style=\"width: 45.8212%; height: 110px;\">\n<p style=\"text-align: center;\"><span style=\"font-family: verdana, geneva, sans-serif; font-size: 12pt;\">Schriftf\u00fchrerin<\/span><\/p>\n<p style=\"text-align: center;\"><span style=\"font-size: 14pt;\"><strong><span style=\"font-family: verdana, geneva, sans-serif;\">Heike Faltenbacher<\/span><\/strong><\/span><\/p>\n<p style=\"text-align: center;\"><span style=\"font-family: verdana, geneva, sans-serif; font-size: 12pt;\">&#8222;H\u00e4lt unsere Ideen und Pl\u00e4ne fest.&#8220;<\/span><\/p>\n<\/td>\n<td style=\"width: 129.119%;\">\n<p style=\"text-align: center;\"><span style=\"font-family: verdana, geneva, sans-serif; font-size: 12pt;\">\u00a0<\/span><\/p>\n<\/td>\n<\/tr>\n<\/tbody>\n<\/table>\n<p data-path-to-node=\"6\"><strong style=\"text-align: center; font-family: verdana, geneva, sans-serif; font-size: 18.6667px;\">Unsere Beisitzerinnen: &#8222;Unterst\u00fctzen mit Rat und Tat.&#8220;<\/strong><\/p>\n<table style=\"border-collapse: collapse; width: 44.5188%;\">\n<tbody>\n<tr>\n<td style=\"width: 8.94309%;\"><img loading=\"lazy\" decoding=\"async\" class=\"alignnone size-full wp-image-2162\" src=\"https:\/\/www.awo-arzberg.de\/wp-content\/uploads\/2026\/03\/Bianca-Kliewer.png\" alt=\"\" width=\"1008\" height=\"1056\" srcset=\"https:\/\/www.awo-arzberg.de\/wp-content\/uploads\/2026\/03\/Bianca-Kliewer.png 1008w, https:\/\/www.awo-arzberg.de\/wp-content\/uploads\/2026\/03\/Bianca-Kliewer-382x400.png 382w, https:\/\/www.awo-arzberg.de\/wp-content\/uploads\/2026\/03\/Bianca-Kliewer-977x1024.png 977w, https:\/\/www.awo-arzberg.de\/wp-content\/uploads\/2026\/03\/Bianca-Kliewer-768x805.png 768w\" sizes=\"(max-width: 1008px) 100vw, 1008px\" \/><\/td>\n<td style=\"width: 25.5067%; text-align: center;\"><span style=\"font-size: 14pt; font-family: verdana, geneva, sans-serif;\"><strong>Bianca Kliewer<\/strong><\/span><\/td>\n<\/tr>\n<tr>\n<td style=\"width: 8.94309%;\"><img loading=\"lazy\" decoding=\"async\" class=\"alignnone size-full wp-image-2161\" src=\"https:\/\/www.awo-arzberg.de\/wp-content\/uploads\/2026\/03\/Christine-Kastner.png\" alt=\"\" width=\"1024\" height=\"1024\" srcset=\"https:\/\/www.awo-arzberg.de\/wp-content\/uploads\/2026\/03\/Christine-Kastner.png 1024w, https:\/\/www.awo-arzberg.de\/wp-content\/uploads\/2026\/03\/Christine-Kastner-400x400.png 400w, https:\/\/www.awo-arzberg.de\/wp-content\/uploads\/2026\/03\/Christine-Kastner-150x150.png 150w, https:\/\/www.awo-arzberg.de\/wp-content\/uploads\/2026\/03\/Christine-Kastner-768x768.png 768w, https:\/\/www.awo-arzberg.de\/wp-content\/uploads\/2026\/03\/Christine-Kastner-80x80.png 80w\" sizes=\"(max-width: 1024px) 100vw, 1024px\" \/><\/td>\n<td style=\"width: 25.5067%; text-align: center;\"><span style=\"font-family: verdana, geneva, sans-serif; font-size: 14pt;\"><strong>Christine Kastner<\/strong><\/span><\/td>\n<\/tr>\n<tr>\n<td style=\"width: 8.94309%;\"><img loading=\"lazy\" decoding=\"async\" class=\"alignnone size-full wp-image-2166\" src=\"https:\/\/www.awo-arzberg.de\/wp-content\/uploads\/2026\/03\/Martina-Schott.jpeg\" alt=\"\" width=\"2048\" height=\"1887\" srcset=\"https:\/\/www.awo-arzberg.de\/wp-content\/uploads\/2026\/03\/Martina-Schott.jpeg 2048w, https:\/\/www.awo-arzberg.de\/wp-content\/uploads\/2026\/03\/Martina-Schott-400x369.jpeg 400w, https:\/\/www.awo-arzberg.de\/wp-content\/uploads\/2026\/03\/Martina-Schott-1024x944.jpeg 1024w, https:\/\/www.awo-arzberg.de\/wp-content\/uploads\/2026\/03\/Martina-Schott-768x708.jpeg 768w, https:\/\/www.awo-arzberg.de\/wp-content\/uploads\/2026\/03\/Martina-Schott-1536x1415.jpeg 1536w\" sizes=\"(max-width: 2048px) 100vw, 2048px\" \/><\/td>\n<td style=\"width: 25.5067%; text-align: center;\"><strong><span style=\"font-size: 14pt; font-family: verdana, geneva, sans-serif;\">Martina Schott<\/span><\/strong><\/td>\n<\/tr>\n<tr>\n<td style=\"width: 8.94309%;\"><img loading=\"lazy\" decoding=\"async\" class=\"alignnone size-full wp-image-2159\" src=\"https:\/\/www.awo-arzberg.de\/wp-content\/uploads\/2026\/03\/Simone-Goecking.png\" alt=\"\" width=\"1056\" height=\"992\" srcset=\"https:\/\/www.awo-arzberg.de\/wp-content\/uploads\/2026\/03\/Simone-Goecking.png 1056w, https:\/\/www.awo-arzberg.de\/wp-content\/uploads\/2026\/03\/Simone-Goecking-400x376.png 400w, https:\/\/www.awo-arzberg.de\/wp-content\/uploads\/2026\/03\/Simone-Goecking-1024x962.png 1024w, https:\/\/www.awo-arzberg.de\/wp-content\/uploads\/2026\/03\/Simone-Goecking-768x721.png 768w\" sizes=\"(max-width: 1056px) 100vw, 1056px\" \/><\/td>\n<td style=\"width: 25.5067%; text-align: center;\"><span style=\"font-size: 14pt; font-family: verdana, geneva, sans-serif;\"><strong>Simone G\u00f6cking<\/strong><\/span><\/td>\n<\/tr>\n<tr>\n<td style=\"width: 8.94309%;\"><img loading=\"lazy\" decoding=\"async\" class=\"alignnone size-full wp-image-2170\" src=\"https:\/\/www.awo-arzberg.de\/wp-content\/uploads\/2026\/03\/1772398606111.png\" alt=\"\" width=\"944\" height=\"1136\" srcset=\"https:\/\/www.awo-arzberg.de\/wp-content\/uploads\/2026\/03\/1772398606111.png 944w, https:\/\/www.awo-arzberg.de\/wp-content\/uploads\/2026\/03\/1772398606111-332x400.png 332w, https:\/\/www.awo-arzberg.de\/wp-content\/uploads\/2026\/03\/1772398606111-851x1024.png 851w, https:\/\/www.awo-arzberg.de\/wp-content\/uploads\/2026\/03\/1772398606111-768x924.png 768w\" sizes=\"(max-width: 944px) 100vw, 944px\" \/><\/td>\n<td style=\"width: 25.5067%; text-align: center;\"><span style=\"font-size: 14pt; font-family: verdana, geneva, sans-serif;\"><strong>Sina Wagner<\/strong><\/span><\/td>\n<\/tr>\n<tr>\n<td style=\"width: 8.94309%;\"><img loading=\"lazy\" decoding=\"async\" class=\"alignnone size-full wp-image-2167\" src=\"https:\/\/www.awo-arzberg.de\/wp-content\/uploads\/2026\/03\/Uli-Ullermann.jpeg\" alt=\"\" width=\"1825\" height=\"2048\" srcset=\"https:\/\/www.awo-arzberg.de\/wp-content\/uploads\/2026\/03\/Uli-Ullermann.jpeg 1825w, https:\/\/www.awo-arzberg.de\/wp-content\/uploads\/2026\/03\/Uli-Ullermann-356x400.jpeg 356w, https:\/\/www.awo-arzberg.de\/wp-content\/uploads\/2026\/03\/Uli-Ullermann-913x1024.jpeg 913w, https:\/\/www.awo-arzberg.de\/wp-content\/uploads\/2026\/03\/Uli-Ullermann-768x862.jpeg 768w, https:\/\/www.awo-arzberg.de\/wp-content\/uploads\/2026\/03\/Uli-Ullermann-1369x1536.jpeg 1369w\" sizes=\"(max-width: 1825px) 100vw, 1825px\" \/><\/td>\n<td style=\"width: 25.5067%; text-align: center;\"><span style=\"font-size: 14pt; font-family: verdana, geneva, sans-serif;\"><strong>Uli Ullermann<\/strong><\/span><\/td>\n<\/tr>\n<tr>\n<td style=\"width: 8.94309%;\"><img loading=\"lazy\" decoding=\"async\" class=\"alignnone size-full wp-image-2158\" src=\"https:\/\/www.awo-arzberg.de\/wp-content\/uploads\/2026\/03\/Viktoria-Felgenhauer.png\" alt=\"\" width=\"896\" height=\"1152\" srcset=\"https:\/\/www.awo-arzberg.de\/wp-content\/uploads\/2026\/03\/Viktoria-Felgenhauer.png 896w, https:\/\/www.awo-arzberg.de\/wp-content\/uploads\/2026\/03\/Viktoria-Felgenhauer-311x400.png 311w, https:\/\/www.awo-arzberg.de\/wp-content\/uploads\/2026\/03\/Viktoria-Felgenhauer-796x1024.png 796w, https:\/\/www.awo-arzberg.de\/wp-content\/uploads\/2026\/03\/Viktoria-Felgenhauer-768x987.png 768w\" sizes=\"(max-width: 896px) 100vw, 896px\" \/><\/td>\n<td style=\"width: 25.5067%; text-align: center;\"><span style=\"font-size: 14pt; font-family: verdana, geneva, sans-serif;\"><strong>Viktoria Felgenhauer<\/strong><\/span><\/td>\n<\/tr>\n<\/tbody>\n<\/table>\n<p data-path-to-node=\"13\"><strong><span style=\"font-size: 14pt; font-family: verdana, geneva, sans-serif;\">Unsere Revisoren: \u201ePr\u00fcfen mit Sorgfalt, damit alles seine Richtigkeit hat.\u201c<\/span><\/strong><\/p>\n<table style=\"border-collapse: collapse; width: 44.2246%; height: 277px;\">\n<tbody>\n<tr style=\"height: 127px;\">\n<td style=\"width: 9.83678%; height: 127px;\"><img loading=\"lazy\" decoding=\"async\" class=\"alignnone size-full wp-image-2157\" src=\"https:\/\/www.awo-arzberg.de\/wp-content\/uploads\/2026\/03\/Manfred-Pfeiffer.png\" alt=\"\" width=\"1056\" height=\"992\" srcset=\"https:\/\/www.awo-arzberg.de\/wp-content\/uploads\/2026\/03\/Manfred-Pfeiffer.png 1056w, https:\/\/www.awo-arzberg.de\/wp-content\/uploads\/2026\/03\/Manfred-Pfeiffer-400x376.png 400w, https:\/\/www.awo-arzberg.de\/wp-content\/uploads\/2026\/03\/Manfred-Pfeiffer-1024x962.png 1024w, https:\/\/www.awo-arzberg.de\/wp-content\/uploads\/2026\/03\/Manfred-Pfeiffer-768x721.png 768w\" sizes=\"(max-width: 1056px) 100vw, 1056px\" \/><\/td>\n<td style=\"width: 24.3538%; height: 127px; text-align: center;\"><strong><span style=\"font-family: verdana, geneva, sans-serif; font-size: 14pt;\">Manfred Pfeiffer<\/span><\/strong><\/td>\n<\/tr>\n<tr style=\"height: 150px;\">\n<td style=\"width: 9.83678%; height: 150px;\"><img loading=\"lazy\" decoding=\"async\" class=\"wp-image-2168 aligncenter\" src=\"https:\/\/www.awo-arzberg.de\/wp-content\/uploads\/2026\/03\/Uwe-Mannl.jpeg\" alt=\"\" width=\"120\" height=\"147\" srcset=\"https:\/\/www.awo-arzberg.de\/wp-content\/uploads\/2026\/03\/Uwe-Mannl.jpeg 1663w, https:\/\/www.awo-arzberg.de\/wp-content\/uploads\/2026\/03\/Uwe-Mannl-325x400.jpeg 325w, https:\/\/www.awo-arzberg.de\/wp-content\/uploads\/2026\/03\/Uwe-Mannl-832x1024.jpeg 832w, https:\/\/www.awo-arzberg.de\/wp-content\/uploads\/2026\/03\/Uwe-Mannl-768x946.jpeg 768w, https:\/\/www.awo-arzberg.de\/wp-content\/uploads\/2026\/03\/Uwe-Mannl-1247x1536.jpeg 1247w\" sizes=\"(max-width: 120px) 100vw, 120px\" \/><\/td>\n<td style=\"width: 24.3538%; height: 150px; text-align: center;\"><span style=\"font-size: 14pt; font-family: verdana, geneva, sans-serif;\"><strong>Uwe Mannl<\/strong><\/span><\/td>\n<\/tr>\n<\/tbody>\n<\/table>\n<h2 data-path-to-node=\"13\"><span style=\"font-size: 18pt; font-family: verdana, geneva, sans-serif;\"><b data-path-to-node=\"13\" data-index-in-node=\"0\">Sie haben eine Frage an <\/b><\/span><span style=\"font-size: 18pt; font-family: verdana, geneva, sans-serif;\"><b data-path-to-node=\"13\" data-index-in-node=\"0\">uns?<\/b><\/span><\/h2>\n<p data-path-to-node=\"14\"><span style=\"font-family: verdana, geneva, sans-serif;\">M\u00f6chten Sie Anregungen loswerden oder uns pers\u00f6nlich kennenlernen? Z\u00f6gern Sie nicht, uns anzusprechen \u2013 ob bei einer unserer Veranstaltungen oder direkt per E-Mail oder Telefon. Wir freuen uns auf den Austausch mit Ihnen!<\/span><\/p>\n","protected":false},"excerpt":{"rendered":"<p>Die K\u00f6pfe hinter unserem Ortsverein Gemeinsam f\u00fcr ein starkes Miteinander Hinter der Arbeit unseres Ortsvereins stehen Menschen, die sich aus \u00dcberzeugung f\u00fcr soziale Gerechtigkeit und den Zusammenhalt in unserer Gemeinde einsetzen. Unser Vorstand arbeitet Hand in Hand \u2013 ehrenamtlich, motiviert und immer mit einem offenen Ohr f\u00fcr Ihre Anliegen. Wir planen unsere Aktivit\u00e4ten, verwalten die [&hellip;]<\/p>\n","protected":false},"author":1,"featured_media":0,"parent":39,"menu_order":2,"comment_status":"closed","ping_status":"closed","template":"","meta":{"footnotes":""},"class_list":["post-105","page","type-page","status-publish","hentry"],"_links":{"self":[{"href":"https:\/\/www.awo-arzberg.de\/index.php?rest_route=\/wp\/v2\/pages\/105","targetHints":{"allow":["GET"]}}],"collection":[{"href":"https:\/\/www.awo-arzberg.de\/index.php?rest_route=\/wp\/v2\/pages"}],"about":[{"href":"https:\/\/www.awo-arzberg.de\/index.php?rest_route=\/wp\/v2\/types\/page"}],"author":[{"embeddable":true,"href":"https:\/\/www.awo-arzberg.de\/index.php?rest_route=\/wp\/v2\/users\/1"}],"replies":[{"embeddable":true,"href":"https:\/\/www.awo-arzberg.de\/index.php?rest_route=%2Fwp%2Fv2%2Fcomments&post=105"}],"version-history":[{"count":56,"href":"https:\/\/www.awo-arzberg.de\/index.php?rest_route=\/wp\/v2\/pages\/105\/revisions"}],"predecessor-version":[{"id":2374,"href":"https:\/\/www.awo-arzberg.de\/index.php?rest_route=\/wp\/v2\/pages\/105\/revisions\/2374"}],"up":[{"embeddable":true,"href":"https:\/\/www.awo-arzberg.de\/index.php?rest_route=\/wp\/v2\/pages\/39"}],"wp:attachment":[{"href":"https:\/\/www.awo-arzberg.de\/index.php?rest_route=%2Fwp%2Fv2%2Fmedia&parent=105"}],"curies":[{"name":"wp","href":"https:\/\/api.w.org\/{rel}","templated":true}]}}