{"id":109,"date":"2017-05-21T13:03:55","date_gmt":"2017-05-21T11:03:55","guid":{"rendered":"https:\/\/www.awo-arzberg.de\/?page_id=109"},"modified":"2026-02-28T11:01:49","modified_gmt":"2026-02-28T10:01:49","slug":"ehrenamt","status":"publish","type":"page","link":"https:\/\/www.awo-arzberg.de\/?page_id=109","title":{"rendered":"Zeit schenken \/ mitmachen"},"content":{"rendered":"<h1><span style=\"color: #000000; font-family: arial, helvetica, sans-serif; font-size: 24pt;\">Engagiert mit dem Herzen dabei<\/span><\/h1>\n<p><span style=\"font-family: arial, helvetica, sans-serif; font-size: 12pt;\">Sie m\u00f6chten<\/span><\/p>\n<ul>\n<li><span style=\"font-family: arial, helvetica, sans-serif; font-size: 12pt;\">sich f\u00fcr andere Menschen einsetzen und f\u00fcr Gerechtigkeit eintreten?<\/span><\/li>\n<li><span style=\"font-family: arial, helvetica, sans-serif; font-size: 12pt;\">Ihre Zeit anderen zur Verf\u00fcgung stellen?<\/span><\/li>\n<li><span style=\"font-family: arial, helvetica, sans-serif; font-size: 12pt;\">Ihr Wissen weitergeben, aber auch dazulernen?<\/span><\/li>\n<li><span style=\"font-family: arial,helvetica,sans-serif;\"><span style=\"font-size: 12pt;\">Solidarit\u00e4t und Gemeinsinn zeigen?<\/span><img fetchpriority=\"high\" decoding=\"async\" class=\"size-medium wp-image-337 aligncenter\" style=\"background-color: transparent; color: #111111; display: block; font-family: &amp;quot; arimo&amp;quot;,verdana,arial; font-size: 15.2px; font-style: normal; font-variant: normal; font-weight: 400; height: 267px; letter-spacing: normal; max-width: 700px; orphans: 2; outline-color: #72777c; outline-style: solid; outline-width: 1px; text-align: left; text-decoration: none; text-indent: 0px; text-transform: none; -webkit-text-stroke-width: 0px; white-space: normal; word-spacing: 0px; margin: 15.2px 150px 15.2px 150px;\" src=\"https:\/\/www.awo-arzberg.de\/wp-content\/uploads\/2017\/05\/csm_2017_01_10_Haende_AWO-Herz__web__2c51ddaad7-400x267.jpg\" alt=\"\" width=\"400\" height=\"267\" srcset=\"https:\/\/www.awo-arzberg.de\/wp-content\/uploads\/2017\/05\/csm_2017_01_10_Haende_AWO-Herz__web__2c51ddaad7-400x267.jpg 400w, https:\/\/www.awo-arzberg.de\/wp-content\/uploads\/2017\/05\/csm_2017_01_10_Haende_AWO-Herz__web__2c51ddaad7-90x60.jpg 90w, https:\/\/www.awo-arzberg.de\/wp-content\/uploads\/2017\/05\/csm_2017_01_10_Haende_AWO-Herz__web__2c51ddaad7.jpg 740w\" sizes=\"(max-width: 400px) 100vw, 400px\" \/><\/span><\/li>\n<\/ul>\n<p><span style=\"font-family: arial, helvetica, sans-serif; font-size: 12pt;\">Dann werden Sie Teil unserer AWO Familie und engagieren Sie sich ehrenamtlich! Die M\u00f6glichkeiten, sich in der AWO zu engagieren, sind vielf\u00e4ltig. Ein freiwilliges Engagement \u00f6ffnet neue Perspektiven in einer Gemeinschaft von Menschen mit \u00e4hnlichen Interessen und Werten. Und mit Ihrem ehrenamtlichen Engagement k\u00f6nnen wir dort stark sein, wo dringend Hilfe gebraucht wird.<\/span><\/p>\n<p><span style=\"font-family: arial, helvetica, sans-serif; font-size: 12pt;\">Bei der AWO im Kreisverband Wunsiedel gibt es viele Bet\u00e4tigungsfelder: Sie setzen sich f\u00fcr soziale Gerechtigkeit ein, f\u00f6rdern und unterst\u00fctzen andere und bringen zus\u00e4tzliche Qualit\u00e4t in AWO Einrichtungen ein. Sie k\u00f6nnen dies in einem Kreis von Menschen tun, die \u00e4hnliche Interessen und Bed\u00fcrfnisse haben. Dar\u00fcber hinaus kann eine freiwillige T\u00e4tigkeit in einer sozialen Einrichtung auch helfen, zus\u00e4tzliche Qualifikationen zu erwerben und sich beruflich zu orientieren oder profilieren. Sie erfahren Dankbarkeit, Wertsch\u00e4tzung und pers\u00f6nliche Weiterentwicklung und sind Teil einer sinnstiftenden Gemeinschaft.<\/span><\/p>\n<h2><span style=\"color: #000000; font-family: arial, helvetica, sans-serif; font-size: 18pt;\"><b>Sie interessieren sich f\u00fcr ein Ehrenamt?<\/b><\/span><\/h2>\n<p><span style=\"font-family: arial, helvetica, sans-serif; font-size: 12pt;\">Wir unterst\u00fctzen Menschen, die sich engagieren wollen, bei der Suche nach M\u00f6glichkeiten f\u00fcr ein ehrenamtliches Engagement. Wir beraten Sie gerne zu aktuellen Einsatzm\u00f6glichkeiten und vermitteln Sie zu einer passenden Stelle. Wir freuen uns auf Sie!<\/span><\/p>\n<h2><span style=\"color: #000000; font-family: arial, helvetica, sans-serif; font-size: 18pt;\">Mit Ihrem ehrenamtlichen Engagement k\u00f6nnen wir dort stark sein, wo dringend Hilfe gebraucht wird.<\/span><\/h2>\n<p>&nbsp;<\/p>\n<p><span style=\"font-family: arial, helvetica, sans-serif; font-size: 12pt;\">Einen Einblick in die M\u00f6glichkeiten des Ehrenamtes bei der AWO finden Sie hier:<\/span><\/p>\n<p><span style=\"font-family: arial, helvetica, sans-serif; font-size: 12pt;\"><a href=\"https:\/\/www.awo-arzberg.de\/wp-content\/uploads\/2019\/05\/Ehrenamt-im-Kreisverband-Wunsiedel.pdf\">Ehrenamt im Kreisverband Wunsiedel<\/a><\/span><\/p>\n<p>&nbsp;<\/p>\n<p class=\"lead\"><span style=\"font-family: arial,helvetica,sans-serif;\"><img decoding=\"async\" class=\"wp-image-331 aligncenter\" src=\"https:\/\/www.awo-arzberg.de\/wp-content\/uploads\/2017\/05\/Haende_Herz_123rtf_ab61899a3e-400x267.jpg\" alt=\"\" width=\"225\" height=\"150\" srcset=\"https:\/\/www.awo-arzberg.de\/wp-content\/uploads\/2017\/05\/Haende_Herz_123rtf_ab61899a3e-400x267.jpg 400w, https:\/\/www.awo-arzberg.de\/wp-content\/uploads\/2017\/05\/Haende_Herz_123rtf_ab61899a3e-90x60.jpg 90w, https:\/\/www.awo-arzberg.de\/wp-content\/uploads\/2017\/05\/Haende_Herz_123rtf_ab61899a3e.jpg 740w\" sizes=\"(max-width: 225px) 100vw, 225px\" \/><\/span><\/p>\n<p><span style=\"color: #000000; font-family: arial, helvetica, sans-serif; text-decoration: underline;\"><em><strong>Ansprechpartnerin:<\/strong><\/em><\/span><\/p>\n<p><span style=\"font-family: arial, helvetica, sans-serif; font-size: 12pt;\">Hanna Keding<\/span><\/p>\n<p><span style=\"font-family: arial, helvetica, sans-serif; font-size: 12pt;\">Tel: 09233 &#8211; 40096-22<\/span><\/p>\n<p><span style=\"font-family: arial, helvetica, sans-serif; font-size: 12pt;\"><a href=\"mailto:hanna.keding@awo-wunsiedel.org\">E-Mail schreiben<\/a><\/span><\/p>\n<p>&nbsp;<\/p>\n<p>&nbsp;<\/p>\n","protected":false},"excerpt":{"rendered":"<p>Engagiert mit dem Herzen dabei Sie m\u00f6chten sich f\u00fcr andere Menschen einsetzen und f\u00fcr Gerechtigkeit eintreten? Ihre Zeit anderen zur Verf\u00fcgung stellen? Ihr Wissen weitergeben, aber auch dazulernen? Solidarit\u00e4t und Gemeinsinn zeigen? Dann werden Sie Teil unserer AWO Familie und engagieren Sie sich ehrenamtlich! Die M\u00f6glichkeiten, sich in der AWO zu engagieren, sind vielf\u00e4ltig. Ein [&hellip;]<\/p>\n","protected":false},"author":1,"featured_media":0,"parent":39,"menu_order":4,"comment_status":"closed","ping_status":"closed","template":"","meta":{"footnotes":""},"class_list":["post-109","page","type-page","status-publish","hentry"],"_links":{"self":[{"href":"https:\/\/www.awo-arzberg.de\/index.php?rest_route=\/wp\/v2\/pages\/109","targetHints":{"allow":["GET"]}}],"collection":[{"href":"https:\/\/www.awo-arzberg.de\/index.php?rest_route=\/wp\/v2\/pages"}],"about":[{"href":"https:\/\/www.awo-arzberg.de\/index.php?rest_route=\/wp\/v2\/types\/page"}],"author":[{"embeddable":true,"href":"https:\/\/www.awo-arzberg.de\/index.php?rest_route=\/wp\/v2\/users\/1"}],"replies":[{"embeddable":true,"href":"https:\/\/www.awo-arzberg.de\/index.php?rest_route=%2Fwp%2Fv2%2Fcomments&post=109"}],"version-history":[{"count":20,"href":"https:\/\/www.awo-arzberg.de\/index.php?rest_route=\/wp\/v2\/pages\/109\/revisions"}],"predecessor-version":[{"id":2117,"href":"https:\/\/www.awo-arzberg.de\/index.php?rest_route=\/wp\/v2\/pages\/109\/revisions\/2117"}],"up":[{"embeddable":true,"href":"https:\/\/www.awo-arzberg.de\/index.php?rest_route=\/wp\/v2\/pages\/39"}],"wp:attachment":[{"href":"https:\/\/www.awo-arzberg.de\/index.php?rest_route=%2Fwp%2Fv2%2Fmedia&parent=109"}],"curies":[{"name":"wp","href":"https:\/\/api.w.org\/{rel}","templated":true}]}}