{"id":113,"date":"2017-05-21T13:04:51","date_gmt":"2017-05-21T11:04:51","guid":{"rendered":"https:\/\/www.awo-arzberg.de\/?page_id=113"},"modified":"2026-03-07T17:15:48","modified_gmt":"2026-03-07T16:15:48","slug":"ehrungen","status":"publish","type":"page","link":"https:\/\/www.awo-arzberg.de\/?page_id=113","title":{"rendered":"Auszeichnungen &#038; Dank"},"content":{"rendered":"<h2 style=\"text-align: center;\" data-path-to-node=\"3\"><span style=\"font-family: arial, helvetica, sans-serif;\">Ehre, wem Ehre geb\u00fchrt<\/span><\/h2>\n<p>&nbsp;<\/p>\n<h2 data-path-to-node=\"3\"><span style=\"font-family: arial, helvetica, sans-serif;\"> Unsere Jubilare 2026<\/span><\/h2>\n<p data-path-to-node=\"4\"><span style=\"font-family: arial, helvetica, sans-serif;\">Ein besonderer H\u00f6hepunkt unserer Jahreshauptversammlung war die Ehrung unserer langj\u00e4hrigen Mitglieder. Es ist beeindruckend zu sehen, wie viele Generationen sich in unserem Verein zusammenfinden. Als Zeichen der Wertsch\u00e4tzung f\u00fcr ihre Treue und ihr Engagement wurden Urkunden und Pr\u00e4sente in feierlichem Rahmen \u00fcberreicht.<\/span><\/p>\n<p data-path-to-node=\"5\"><span style=\"font-family: arial, helvetica, sans-serif;\">Wir gratulieren herzlich zu:<\/span><\/p>\n<ul data-path-to-node=\"6\">\n<li>\n<p data-path-to-node=\"6,0,0\"><span style=\"font-family: arial, helvetica, sans-serif;\"><b data-path-to-node=\"6,0,0\" data-index-in-node=\"0\">10 Jahre Vereinstreue: <\/b>Sina Wagner und Hanna Keding<\/span><\/p>\n<\/li>\n<li>\n<p data-path-to-node=\"6,2,0\"><span style=\"font-family: arial, helvetica, sans-serif;\"><b data-path-to-node=\"6,2,0\" data-index-in-node=\"0\">20 Jahre Vereinstre<\/b><\/span><span style=\"font-family: arial, helvetica, sans-serif;\"><b data-path-to-node=\"6,2,0\" data-index-in-node=\"0\">ue:<\/b> Sigrid G\u00f6tz<\/span><\/p>\n<\/li>\n<li>\n<p data-path-to-node=\"6,3,0\"><span style=\"font-family: arial, helvetica, sans-serif;\"><b data-path-to-node=\"6,3,0\" data-index-in-node=\"0\">50 Jahre \u2013 Ein halbes Jahrhundert:<\/b> Manfred Pfeiffer und Anni Schneider<\/span><\/p>\n<\/li>\n<\/ul>\n<p><img fetchpriority=\"high\" decoding=\"async\" class=\"wp-image-2357 size-medium alignnone\" src=\"https:\/\/www.awo-arzberg.de\/wp-content\/uploads\/2026\/03\/IMG_0858-400x267.jpg\" alt=\"\" width=\"400\" height=\"267\" srcset=\"https:\/\/www.awo-arzberg.de\/wp-content\/uploads\/2026\/03\/IMG_0858-400x267.jpg 400w, https:\/\/www.awo-arzberg.de\/wp-content\/uploads\/2026\/03\/IMG_0858-1024x683.jpg 1024w, https:\/\/www.awo-arzberg.de\/wp-content\/uploads\/2026\/03\/IMG_0858-768x512.jpg 768w, https:\/\/www.awo-arzberg.de\/wp-content\/uploads\/2026\/03\/IMG_0858-1536x1024.jpg 1536w, https:\/\/www.awo-arzberg.de\/wp-content\/uploads\/2026\/03\/IMG_0858-2048x1365.jpg 2048w\" sizes=\"(max-width: 400px) 100vw, 400px\" \/><\/p>\n<p><span style=\"font-family: arial, helvetica, sans-serif;\"><b data-path-to-node=\"5,0\" data-index-in-node=\"0\">Hintere Reihe (v. l. n. r.):<\/b> 1. Vorstand Alexander Wagner, Sina Wagner, Sigrid G\u00f6tz, stellv. Vorstand Ben Wagner, Hanna Keding. <\/span><\/p>\n<p><span style=\"font-family: arial, helvetica, sans-serif;\"><b data-path-to-node=\"5,0\" data-index-in-node=\"128\">Sitzend (v. l. n. r.):<\/b> Manfred Pfeiffer und Anni Schneider.<\/span><\/p>\n<hr \/>\n<p style=\"text-align: left;\"><span style=\"font-family: arial,helvetica,sans-serif; font-size: 12pt;\">Unsere Ehrungen im Jahr 2019<\/span><br \/>\n<span style=\"font-family: arial,helvetica,sans-serif; font-size: 12pt;\"><img decoding=\"async\" class=\"aligncenter size-medium wp-image-971\" src=\"https:\/\/www.awo-arzberg.de\/wp-content\/uploads\/2019\/03\/bild5-1-400x248.jpeg\" alt=\"\" width=\"400\" height=\"248\" \/>Stellv<span style=\"text-align: left; color: #111111; text-transform: none; text-indent: 0px; letter-spacing: normal; font-style: normal; font-variant: normal; font-weight: 400; text-decoration: none; word-spacing: 0px; display: inline !important; white-space: normal; orphans: 2; float: none; -webkit-text-stroke-width: 0px; background-color: transparent;\">ertretende Kreisvorsitzende Irene Unglaub, 10 Jahre <\/span>Simone G\u00f6cking, stellvertretender Ortsvorsitzender Dietmar Bauer, 10 Jahre Luca Leon Wagner und 10 Jahre Alexander Wagner<\/span><\/p>\n<p>&nbsp;<\/p>\n<p><span style=\"font-family: arial,helvetica,sans-serif; font-size: 12pt;\">Unsere Ehrungen im Jahr 2018<\/span><\/p>\n<figure id=\"attachment_670\" aria-describedby=\"caption-attachment-670\" style=\"width: 400px\" class=\"wp-caption aligncenter\"><img decoding=\"async\" class=\"size-medium wp-image-670\" src=\"https:\/\/www.awo-arzberg.de\/wp-content\/uploads\/2018\/03\/1X7B9294-400x267.jpg\" alt=\"\" width=\"400\" height=\"267\" \/><figcaption id=\"caption-attachment-670\" class=\"wp-caption-text\"><span style=\"font-family: arial,helvetica,sans-serif; font-size: 12pt;\">Landtagsvizepr\u00e4sidentin Inge Aures, 10 Jahre Stefan Klaubert, 10 Jahre Peter Gr\u00e4f, Vorsitzender Alexander Wagner, 40 Jahre Victoria Felgenhauer, B\u00fcrgermeister Stefan G\u00f6cking<\/span><\/figcaption><\/figure>\n<p><span style=\"font-family: arial,helvetica,sans-serif; font-size: 12pt;\">Wir danken unseren Mitgliedern f\u00fcr die lange Treue zum Ortsverein.<\/span><\/p>\n","protected":false},"excerpt":{"rendered":"<p>Ehre, wem Ehre geb\u00fchrt &nbsp; Unsere Jubilare 2026 Ein besonderer H\u00f6hepunkt unserer Jahreshauptversammlung war die Ehrung unserer langj\u00e4hrigen Mitglieder. Es ist beeindruckend zu sehen, wie viele Generationen sich in unserem Verein zusammenfinden. Als Zeichen der Wertsch\u00e4tzung f\u00fcr ihre Treue und ihr Engagement wurden Urkunden und Pr\u00e4sente in feierlichem Rahmen \u00fcberreicht. Wir gratulieren herzlich zu: 10 [&hellip;]<\/p>\n","protected":false},"author":1,"featured_media":0,"parent":39,"menu_order":6,"comment_status":"closed","ping_status":"closed","template":"","meta":{"footnotes":""},"class_list":["post-113","page","type-page","status-publish","hentry"],"_links":{"self":[{"href":"https:\/\/www.awo-arzberg.de\/index.php?rest_route=\/wp\/v2\/pages\/113","targetHints":{"allow":["GET"]}}],"collection":[{"href":"https:\/\/www.awo-arzberg.de\/index.php?rest_route=\/wp\/v2\/pages"}],"about":[{"href":"https:\/\/www.awo-arzberg.de\/index.php?rest_route=\/wp\/v2\/types\/page"}],"author":[{"embeddable":true,"href":"https:\/\/www.awo-arzberg.de\/index.php?rest_route=\/wp\/v2\/users\/1"}],"replies":[{"embeddable":true,"href":"https:\/\/www.awo-arzberg.de\/index.php?rest_route=%2Fwp%2Fv2%2Fcomments&post=113"}],"version-history":[{"count":17,"href":"https:\/\/www.awo-arzberg.de\/index.php?rest_route=\/wp\/v2\/pages\/113\/revisions"}],"predecessor-version":[{"id":2369,"href":"https:\/\/www.awo-arzberg.de\/index.php?rest_route=\/wp\/v2\/pages\/113\/revisions\/2369"}],"up":[{"embeddable":true,"href":"https:\/\/www.awo-arzberg.de\/index.php?rest_route=\/wp\/v2\/pages\/39"}],"wp:attachment":[{"href":"https:\/\/www.awo-arzberg.de\/index.php?rest_route=%2Fwp%2Fv2%2Fmedia&parent=113"}],"curies":[{"name":"wp","href":"https:\/\/api.w.org\/{rel}","templated":true}]}}