{"id":117,"date":"2017-05-21T13:06:32","date_gmt":"2017-05-21T11:06:32","guid":{"rendered":"https:\/\/www.awo-arzberg.de\/?page_id=117"},"modified":"2026-03-01T21:15:24","modified_gmt":"2026-03-01T20:15:24","slug":"tafelladen","status":"publish","type":"page","link":"https:\/\/www.awo-arzberg.de\/?page_id=117","title":{"rendered":"Tafelladen"},"content":{"rendered":"<p><b data-path-to-node=\"2,0\" data-index-in-node=\"0\">Hinter den Kulissen: Unsere Ausgabestelle<\/b> Ein kleiner Einblick in das Herzst\u00fcck unserer Arbeit: Hier sehen Sie unsere engagierten Helfer*innen in Aktion. Ohne diesen gro\u00dfartigen Einsatz und die helfenden H\u00e4nde w\u00e4re unsere Unterst\u00fctzung in Arzberg nicht m\u00f6glich. Ein herzliches Dankesch\u00f6n an alle, die mit anpacken!<\/p>\n<div id='gallery-1' class='gallery galleryid-117 gallery-columns-2 gallery-size-medium'><figure class='gallery-item'>\n\t\t\t<div class='gallery-icon landscape'>\n\t\t\t\t<a href='https:\/\/www.awo-arzberg.de\/wp-content\/uploads\/2020\/11\/IMG_0344.jpg'><img fetchpriority=\"high\" decoding=\"async\" width=\"400\" height=\"267\" src=\"https:\/\/www.awo-arzberg.de\/wp-content\/uploads\/2020\/11\/IMG_0344-400x267.jpg\" class=\"attachment-medium size-medium\" alt=\"\" srcset=\"https:\/\/www.awo-arzberg.de\/wp-content\/uploads\/2020\/11\/IMG_0344-400x267.jpg 400w, https:\/\/www.awo-arzberg.de\/wp-content\/uploads\/2020\/11\/IMG_0344-768x512.jpg 768w, https:\/\/www.awo-arzberg.de\/wp-content\/uploads\/2020\/11\/IMG_0344-1024x683.jpg 1024w, https:\/\/www.awo-arzberg.de\/wp-content\/uploads\/2020\/11\/IMG_0344-90x60.jpg 90w\" sizes=\"(max-width: 400px) 100vw, 400px\" \/><\/a>\n\t\t\t<\/div><\/figure><figure class='gallery-item'>\n\t\t\t<div class='gallery-icon landscape'>\n\t\t\t\t<a href='https:\/\/www.awo-arzberg.de\/wp-content\/uploads\/2020\/11\/IMG_0350.jpg'><img decoding=\"async\" width=\"400\" height=\"267\" src=\"https:\/\/www.awo-arzberg.de\/wp-content\/uploads\/2020\/11\/IMG_0350-400x267.jpg\" class=\"attachment-medium size-medium\" alt=\"\" srcset=\"https:\/\/www.awo-arzberg.de\/wp-content\/uploads\/2020\/11\/IMG_0350-400x267.jpg 400w, https:\/\/www.awo-arzberg.de\/wp-content\/uploads\/2020\/11\/IMG_0350-768x512.jpg 768w, https:\/\/www.awo-arzberg.de\/wp-content\/uploads\/2020\/11\/IMG_0350-1024x683.jpg 1024w, https:\/\/www.awo-arzberg.de\/wp-content\/uploads\/2020\/11\/IMG_0350-90x60.jpg 90w\" sizes=\"(max-width: 400px) 100vw, 400px\" \/><\/a>\n\t\t\t<\/div><\/figure><figure class='gallery-item'>\n\t\t\t<div class='gallery-icon landscape'>\n\t\t\t\t<a href='https:\/\/www.awo-arzberg.de\/wp-content\/uploads\/2017\/05\/20170304_111354-e1510307063836.jpg'><img decoding=\"async\" width=\"400\" height=\"300\" src=\"https:\/\/www.awo-arzberg.de\/wp-content\/uploads\/2017\/05\/20170304_111354-400x300.jpg\" class=\"attachment-medium size-medium\" alt=\"\" srcset=\"https:\/\/www.awo-arzberg.de\/wp-content\/uploads\/2017\/05\/20170304_111354-e1510307063836.jpg 400w, https:\/\/www.awo-arzberg.de\/wp-content\/uploads\/2017\/05\/20170304_111354-768x576.jpg 768w, https:\/\/www.awo-arzberg.de\/wp-content\/uploads\/2017\/05\/20170304_111354-1024x768.jpg 1024w\" sizes=\"(max-width: 400px) 100vw, 400px\" \/><\/a>\n\t\t\t<\/div><\/figure><figure class='gallery-item'>\n\t\t\t<div class='gallery-icon landscape'>\n\t\t\t\t<a href='https:\/\/www.awo-arzberg.de\/wp-content\/uploads\/2017\/05\/20170304_111404-e1510307075474.jpg'><img loading=\"lazy\" decoding=\"async\" width=\"400\" height=\"300\" src=\"https:\/\/www.awo-arzberg.de\/wp-content\/uploads\/2017\/05\/20170304_111404-400x300.jpg\" class=\"attachment-medium size-medium\" alt=\"\" srcset=\"https:\/\/www.awo-arzberg.de\/wp-content\/uploads\/2017\/05\/20170304_111404-e1510307075474.jpg 400w, https:\/\/www.awo-arzberg.de\/wp-content\/uploads\/2017\/05\/20170304_111404-768x576.jpg 768w, https:\/\/www.awo-arzberg.de\/wp-content\/uploads\/2017\/05\/20170304_111404-1024x768.jpg 1024w\" sizes=\"(max-width: 400px) 100vw, 400px\" \/><\/a>\n\t\t\t<\/div><\/figure><figure class='gallery-item'>\n\t\t\t<div class='gallery-icon landscape'>\n\t\t\t\t<a href='https:\/\/www.awo-arzberg.de\/wp-content\/uploads\/2017\/05\/20170304_111639-e1510307090270.jpg'><img loading=\"lazy\" decoding=\"async\" width=\"400\" height=\"300\" src=\"https:\/\/www.awo-arzberg.de\/wp-content\/uploads\/2017\/05\/20170304_111639-400x300.jpg\" class=\"attachment-medium size-medium\" alt=\"\" srcset=\"https:\/\/www.awo-arzberg.de\/wp-content\/uploads\/2017\/05\/20170304_111639-e1510307090270.jpg 400w, https:\/\/www.awo-arzberg.de\/wp-content\/uploads\/2017\/05\/20170304_111639-768x576.jpg 768w, https:\/\/www.awo-arzberg.de\/wp-content\/uploads\/2017\/05\/20170304_111639-1024x768.jpg 1024w\" sizes=\"(max-width: 400px) 100vw, 400px\" \/><\/a>\n\t\t\t<\/div><\/figure><figure class='gallery-item'>\n\t\t\t<div class='gallery-icon landscape'>\n\t\t\t\t<a href='https:\/\/www.awo-arzberg.de\/wp-content\/uploads\/2017\/05\/20170304_111343-e1510307047823.jpg'><img loading=\"lazy\" decoding=\"async\" width=\"400\" height=\"300\" src=\"https:\/\/www.awo-arzberg.de\/wp-content\/uploads\/2017\/05\/20170304_111343-400x300.jpg\" class=\"attachment-medium size-medium\" alt=\"\" srcset=\"https:\/\/www.awo-arzberg.de\/wp-content\/uploads\/2017\/05\/20170304_111343-e1510307047823.jpg 400w, https:\/\/www.awo-arzberg.de\/wp-content\/uploads\/2017\/05\/20170304_111343-768x576.jpg 768w, https:\/\/www.awo-arzberg.de\/wp-content\/uploads\/2017\/05\/20170304_111343-1024x768.jpg 1024w\" sizes=\"(max-width: 400px) 100vw, 400px\" \/><\/a>\n\t\t\t<\/div><\/figure>\n\t\t<\/div>\n\n","protected":false},"excerpt":{"rendered":"<p>Hinter den Kulissen: Unsere Ausgabestelle Ein kleiner Einblick in das Herzst\u00fcck unserer Arbeit: Hier sehen Sie unsere engagierten Helfer*innen in Aktion. Ohne diesen gro\u00dfartigen Einsatz und die helfenden H\u00e4nde w\u00e4re unsere Unterst\u00fctzung in Arzberg nicht m\u00f6glich. Ein herzliches Dankesch\u00f6n an alle, die mit anpacken!<\/p>\n","protected":false},"author":1,"featured_media":0,"parent":35,"menu_order":3,"comment_status":"closed","ping_status":"closed","template":"","meta":{"footnotes":""},"class_list":["post-117","page","type-page","status-publish","hentry"],"_links":{"self":[{"href":"https:\/\/www.awo-arzberg.de\/index.php?rest_route=\/wp\/v2\/pages\/117","targetHints":{"allow":["GET"]}}],"collection":[{"href":"https:\/\/www.awo-arzberg.de\/index.php?rest_route=\/wp\/v2\/pages"}],"about":[{"href":"https:\/\/www.awo-arzberg.de\/index.php?rest_route=\/wp\/v2\/types\/page"}],"author":[{"embeddable":true,"href":"https:\/\/www.awo-arzberg.de\/index.php?rest_route=\/wp\/v2\/users\/1"}],"replies":[{"embeddable":true,"href":"https:\/\/www.awo-arzberg.de\/index.php?rest_route=%2Fwp%2Fv2%2Fcomments&post=117"}],"version-history":[{"count":6,"href":"https:\/\/www.awo-arzberg.de\/index.php?rest_route=\/wp\/v2\/pages\/117\/revisions"}],"predecessor-version":[{"id":2151,"href":"https:\/\/www.awo-arzberg.de\/index.php?rest_route=\/wp\/v2\/pages\/117\/revisions\/2151"}],"up":[{"embeddable":true,"href":"https:\/\/www.awo-arzberg.de\/index.php?rest_route=\/wp\/v2\/pages\/35"}],"wp:attachment":[{"href":"https:\/\/www.awo-arzberg.de\/index.php?rest_route=%2Fwp%2Fv2%2Fmedia&parent=117"}],"curies":[{"name":"wp","href":"https:\/\/api.w.org\/{rel}","templated":true}]}}