{"id":181,"date":"2017-05-21T15:40:05","date_gmt":"2017-05-21T13:40:05","guid":{"rendered":"https:\/\/www.awo-arzberg.de\/?page_id=181"},"modified":"2019-12-16T11:14:31","modified_gmt":"2019-12-16T10:14:31","slug":"impressum","status":"publish","type":"page","link":"https:\/\/www.awo-arzberg.de\/?page_id=181","title":{"rendered":"Impressum"},"content":{"rendered":"<p><span style=\"font-family: arial,helvetica,sans-serif; font-size: 12pt;\"><strong>Angaben gem\u00e4\u00df \u00a75 TMG:<\/strong><\/span><br \/>\n<span style=\"font-family: arial,helvetica,sans-serif; font-size: 12pt;\">AWO Arzberg e.V.<\/span><br \/>\n<span style=\"font-family: arial,helvetica,sans-serif; font-size: 12pt;\">Thiersheimer Stra\u00dfe 1<\/span><br \/>\n<span style=\"font-family: arial,helvetica,sans-serif; font-size: 12pt;\">95659 Arzberg<\/span><br \/>\n<span style=\"font-family: arial,helvetica,sans-serif; font-size: 12pt;\">Telefon: +49 9233 40096-22<\/span><br \/>\n<span style=\"font-family: arial,helvetica,sans-serif; font-size: 12pt;\">Telefax: +49 9233\u00a077 09 181<\/span><\/p>\n<p><span style=\"font-family: arial,helvetica,sans-serif; font-size: 12pt;\">Vereinsregister: AG Hof \u00a0VR 200361<\/span><\/p>\n<p><span style=\"font-family: arial,helvetica,sans-serif; font-size: 12pt;\"><strong>Verantwortlich f\u00fcr den Inhalt nach \u00a7 55 Abs. 2 RStV:<\/strong><\/span><br \/>\n<span style=\"font-family: arial,helvetica,sans-serif; font-size: 12pt;\">AWO Arzberg e.V.<\/span><br \/>\n<span style=\"font-family: arial,helvetica,sans-serif; font-size: 12pt;\">Thiersheimer Stra\u00dfe 1<\/span><br \/>\n<span style=\"font-family: arial,helvetica,sans-serif; font-size: 12pt;\">95659 Arzberg<\/span><br \/>\n<span style=\"font-family: arial,helvetica,sans-serif; font-size: 12pt;\">Telefon: +49 9233 0096-22<\/span><br \/>\n<span style=\"font-family: arial,helvetica,sans-serif; font-size: 12pt;\">Telefax: +49 9233\u00a077 09 181<\/span><\/p>\n<p><span style=\"font-family: arial,helvetica,sans-serif; font-size: 12pt;\"><strong>Urheberrechte:<\/strong><\/span><br \/>\n<span style=\"font-family: arial,helvetica,sans-serif; font-size: 12pt;\">Alle Texte, alle Fotos, alle Gestaltungselemente dieses Servers sind \u2013 sofern nicht ein anderer Urheberrechtsinhaber (beziehungsweise Verwertungsberechtigter) angegeben ist \u2013 urheberrechtlich gesch\u00fctzt. Jede Verwertung ohne Zustimmung AWO Arzberg\/Schirnding e.V.\u00a0ist unzul\u00e4ssig. Soweit als Urheberrechtsinhaber (beziehungsweise Verwertungsberechtigter) ein Dritter angegeben ist, m\u00fcssen die Verwertungsrechte vor entsprechender Nutzung von diesem erworben werden.<\/span><\/p>\n<p><span style=\"font-family: arial,helvetica,sans-serif; font-size: 12pt;\"><strong>Disclaimer:<\/strong><\/span><br \/>\n<span style=\"font-family: arial,helvetica,sans-serif; font-size: 12pt;\">Wir haben auf unseren Seiten Links zu anderen Seiten im Internet. F\u00fcr alle diese Links gilt, dass wir keinerlei Einfluss auf die Gestaltung und die Inhalte dieser Seiten haben. Deswegen \u00fcbernehmen wir auch keinerlei Verantwortung f\u00fcr Inhalt und Gestaltung dieser Seiten. Diese Erkl\u00e4rung gilt f\u00fcr alle auf unserer Internetpr\u00e4senz angezeigten Links und f\u00fcr alle Inhalte der Seiten, zu denen die bei uns angemeldeten Banner und Links f\u00fchren.<\/span><\/p>\n","protected":false},"excerpt":{"rendered":"<p>Angaben gem\u00e4\u00df \u00a75 TMG: AWO Arzberg e.V. Thiersheimer Stra\u00dfe 1 95659 Arzberg Telefon: +49 9233 40096-22 Telefax: +49 9233\u00a077 09 181 Vereinsregister: AG Hof \u00a0VR 200361 Verantwortlich f\u00fcr den Inhalt nach \u00a7 55 Abs. 2 RStV: AWO Arzberg e.V. Thiersheimer Stra\u00dfe 1 95659 Arzberg Telefon: +49 9233 0096-22 Telefax: +49 9233\u00a077 09 181 Urheberrechte: Alle [&hellip;]<\/p>\n","protected":false},"author":1,"featured_media":0,"parent":0,"menu_order":0,"comment_status":"closed","ping_status":"closed","template":"","meta":{"footnotes":""},"class_list":["post-181","page","type-page","status-publish","hentry"],"_links":{"self":[{"href":"https:\/\/www.awo-arzberg.de\/index.php?rest_route=\/wp\/v2\/pages\/181","targetHints":{"allow":["GET"]}}],"collection":[{"href":"https:\/\/www.awo-arzberg.de\/index.php?rest_route=\/wp\/v2\/pages"}],"about":[{"href":"https:\/\/www.awo-arzberg.de\/index.php?rest_route=\/wp\/v2\/types\/page"}],"author":[{"embeddable":true,"href":"https:\/\/www.awo-arzberg.de\/index.php?rest_route=\/wp\/v2\/users\/1"}],"replies":[{"embeddable":true,"href":"https:\/\/www.awo-arzberg.de\/index.php?rest_route=%2Fwp%2Fv2%2Fcomments&post=181"}],"version-history":[{"count":6,"href":"https:\/\/www.awo-arzberg.de\/index.php?rest_route=\/wp\/v2\/pages\/181\/revisions"}],"predecessor-version":[{"id":1172,"href":"https:\/\/www.awo-arzberg.de\/index.php?rest_route=\/wp\/v2\/pages\/181\/revisions\/1172"}],"wp:attachment":[{"href":"https:\/\/www.awo-arzberg.de\/index.php?rest_route=%2Fwp%2Fv2%2Fmedia&parent=181"}],"curies":[{"name":"wp","href":"https:\/\/api.w.org\/{rel}","templated":true}]}}