{"id":2266,"date":"2026-03-07T09:30:33","date_gmt":"2026-03-07T08:30:33","guid":{"rendered":"https:\/\/www.awo-arzberg.de\/?page_id=2266"},"modified":"2026-03-14T11:02:50","modified_gmt":"2026-03-14T10:02:50","slug":"essen-auf-raedern-2","status":"publish","type":"page","link":"https:\/\/www.awo-arzberg.de\/?page_id=2266","title":{"rendered":"Essen auf R\u00e4dern"},"content":{"rendered":"<h2 data-path-to-node=\"2\"><span style=\"font-family: verdana, geneva, sans-serif;\"><b data-path-to-node=\"2\" data-index-in-node=\"0\">Guten Appetit daheim! \u2013 \u201eEssen auf R\u00e4dern\u201c im Landkreis Wunsiedel<\/b><\/span><\/h2>\n<p data-path-to-node=\"3\"><span style=\"font-family: verdana, geneva, sans-serif;\"><b data-path-to-node=\"3\" data-index-in-node=\"0\">Genuss und Abwechslung direkt an Ihren Esstisch<\/b><\/span><\/p>\n<p data-path-to-node=\"4\"><span style=\"font-family: verdana, geneva, sans-serif;\">Der AWO Kreisverband Wunsiedel i.F. e.V. bringt Ihnen t\u00e4glich frische und leckere Mittagsmen\u00fcs direkt nach Hause. Unser Ziel ist es, Ihnen den Alltag zu erleichtern, damit Sie sich um das Einkaufen und Kochen keine Sorgen mehr machen m\u00fcssen \u2013 und trotzdem jeden Tag eine hochwertige Mahlzeit genie\u00dfen k\u00f6nnen.<\/span><\/p>\n<p data-path-to-node=\"5\"><span style=\"font-family: verdana, geneva, sans-serif;\"><b data-path-to-node=\"5\" data-index-in-node=\"0\">Das bietet Ihnen unser Men\u00fcservice:<\/b><\/span><\/p>\n<ul data-path-to-node=\"6\">\n<li>\n<p data-path-to-node=\"6,0,0\"><span style=\"font-family: verdana, geneva, sans-serif;\"><b data-path-to-node=\"6,0,0\" data-index-in-node=\"0\">Vielfalt &amp; Genuss:<\/b> W\u00e4hlen Sie aus verschiedenen, abwechslungsreichen Mittagsmen\u00fcs Ihre pers\u00f6nlichen Favoriten aus.<\/span><\/p>\n<\/li>\n<li>\n<p data-path-to-node=\"6,1,0\"><span style=\"font-family: verdana, geneva, sans-serif;\"><b data-path-to-node=\"6,1,0\" data-index-in-node=\"0\">365 Tage Verl\u00e4sslichkeit:<\/b> Wir sind immer f\u00fcr Sie da. Unsere freundlichen Kuriere liefern direkt zu Ihnen nach Hause \u2013 auch an Wochenenden und Feiertagen.<\/span><\/p>\n<\/li>\n<li>\n<p data-path-to-node=\"6,2,0\"><span style=\"font-family: verdana, geneva, sans-serif;\"><b data-path-to-node=\"6,2,0\" data-index-in-node=\"0\">Einfaches Prinzip:<\/b> Ausw\u00e4hlen, bestellen und ganz entspannt in den eigenen vier W\u00e4nden genie\u00dfen. Keine Vertragsbindung an starre Laufzeiten, sondern Flexibilit\u00e4t f\u00fcr Ihre Bed\u00fcrfnisse.<\/span><\/p>\n<\/li>\n<\/ul>\n<h2 data-path-to-node=\"7\"><span style=\"font-family: verdana, geneva, sans-serif;\"><b data-path-to-node=\"7\" data-index-in-node=\"0\">Ihr direkter Draht zu uns<\/b><\/span><\/h2>\n<p data-path-to-node=\"8\"><span style=\"font-family: verdana, geneva, sans-serif;\">M\u00f6chten Sie sich anmelden oder haben Sie Fragen zu unserem Angebot? Wir beraten Sie gerne unverbindlich und pers\u00f6nlich.<\/span><\/p>\n<p data-path-to-node=\"9\"><span style=\"font-family: verdana, geneva, sans-serif;\"><b data-path-to-node=\"9\" data-index-in-node=\"0\">Ihre Ansprechpartnerin:<\/b> <\/span><\/p>\n<p data-path-to-node=\"9\"><span style=\"font-family: verdana, geneva, sans-serif;\"><b data-path-to-node=\"9\" data-index-in-node=\"24\">Bianca Kliewer<\/b> <\/span><\/p>\n<p data-path-to-node=\"9\"><span style=\"font-family: verdana, geneva, sans-serif;\"><b data-path-to-node=\"9\" data-index-in-node=\"39\">Telefon:<\/b> <a class=\"ng-star-inserted\" href=\"https:\/\/www.google.com\/search?q=tel:092334009624\" target=\"_blank\" rel=\"noopener\" data-hveid=\"0\" data-ved=\"0CAAQ_4QMahgKEwiA5vHvso2TAxUAAAAAHQAAAAAQuAE\">09233 \/ 400 96 24<\/a><\/span><\/p>\n<p data-path-to-node=\"9\"><span style=\"font-family: verdana, geneva, sans-serif;\"><strong>E-Mail:<\/strong> <a href=\"mailto:menueservice@awo-wunsiedel.org?subject=Anfrage%20\u00fcber%20die%20Website\">menueservice@awo-wunsiedel.org<\/a><\/span><\/p>\n<p data-path-to-node=\"9\">\n","protected":false},"excerpt":{"rendered":"<p>Guten Appetit daheim! \u2013 \u201eEssen auf R\u00e4dern\u201c im Landkreis Wunsiedel Genuss und Abwechslung direkt an Ihren Esstisch Der AWO Kreisverband Wunsiedel i.F. e.V. bringt Ihnen t\u00e4glich frische und leckere Mittagsmen\u00fcs direkt nach Hause. Unser Ziel ist es, Ihnen den Alltag zu erleichtern, damit Sie sich um das Einkaufen und Kochen keine Sorgen mehr machen m\u00fcssen [&hellip;]<\/p>\n","protected":false},"author":1,"featured_media":0,"parent":0,"menu_order":0,"comment_status":"closed","ping_status":"closed","template":"","meta":{"footnotes":""},"class_list":["post-2266","page","type-page","status-publish","hentry"],"_links":{"self":[{"href":"https:\/\/www.awo-arzberg.de\/index.php?rest_route=\/wp\/v2\/pages\/2266","targetHints":{"allow":["GET"]}}],"collection":[{"href":"https:\/\/www.awo-arzberg.de\/index.php?rest_route=\/wp\/v2\/pages"}],"about":[{"href":"https:\/\/www.awo-arzberg.de\/index.php?rest_route=\/wp\/v2\/types\/page"}],"author":[{"embeddable":true,"href":"https:\/\/www.awo-arzberg.de\/index.php?rest_route=\/wp\/v2\/users\/1"}],"replies":[{"embeddable":true,"href":"https:\/\/www.awo-arzberg.de\/index.php?rest_route=%2Fwp%2Fv2%2Fcomments&post=2266"}],"version-history":[{"count":12,"href":"https:\/\/www.awo-arzberg.de\/index.php?rest_route=\/wp\/v2\/pages\/2266\/revisions"}],"predecessor-version":[{"id":2375,"href":"https:\/\/www.awo-arzberg.de\/index.php?rest_route=\/wp\/v2\/pages\/2266\/revisions\/2375"}],"wp:attachment":[{"href":"https:\/\/www.awo-arzberg.de\/index.php?rest_route=%2Fwp%2Fv2%2Fmedia&parent=2266"}],"curies":[{"name":"wp","href":"https:\/\/api.w.org\/{rel}","templated":true}]}}