{"id":2268,"date":"2026-03-07T09:30:33","date_gmt":"2026-03-07T08:30:33","guid":{"rendered":"https:\/\/www.awo-arzberg.de\/?page_id=2268"},"modified":"2026-03-07T10:38:36","modified_gmt":"2026-03-07T09:38:36","slug":"migrationsberatung","status":"publish","type":"page","link":"https:\/\/www.awo-arzberg.de\/?page_id=2268","title":{"rendered":"Migrationsberatung"},"content":{"rendered":"<h2 data-path-to-node=\"2\"><span style=\"font-family: verdana, geneva, sans-serif;\"><b data-path-to-node=\"2\" data-index-in-node=\"0\">Fl\u00fcchtlings- und Integrationsberatung<\/b><\/span><\/h2>\n<p data-path-to-node=\"3\"><span style=\"font-family: verdana, geneva, sans-serif;\">Herzlich willkommen. Wir unterst\u00fctzen Sie bei Ihrem Neuanfang und helfen Ihnen, sich in Ihrer neuen Umgebung zurechtzufinden. Unser Ziel ist es, Ihnen Orientierung zu bieten und Sie bei rechtlichen, sozialen und pers\u00f6nlichen Fragen kompetent zu begleiten.<\/span><\/p>\n<p data-path-to-node=\"4\"><span style=\"font-family: verdana, geneva, sans-serif;\"><b data-path-to-node=\"4\" data-index-in-node=\"0\">Unser Beratungsangebot<\/b><\/span><\/p>\n<p data-path-to-node=\"5\"><span style=\"font-family: verdana, geneva, sans-serif;\">Damit wir uns ausreichend Zeit f\u00fcr Ihr Anliegen nehmen k\u00f6nnen, finden Beratungsgespr\u00e4che ausschlie\u00dflich nach <b data-path-to-node=\"5\" data-index-in-node=\"109\">vorheriger telefonischer Terminvereinbarung<\/b> statt. So vermeiden wir lange Wartezeiten f\u00fcr Sie.<\/span><\/p>\n<p data-path-to-node=\"6\"><span style=\"font-family: verdana, geneva, sans-serif; font-size: 18pt;\"><b data-path-to-node=\"6\" data-index-in-node=\"0\">Ihr Kontakt zur Beratung<\/b><\/span><\/p>\n<p data-path-to-node=\"7\"><span style=\"font-family: verdana, geneva, sans-serif;\">Wir sind flexibel f\u00fcr Sie erreichbar. Nutzen Sie einfach den Weg, der f\u00fcr Sie am einfachsten ist:<\/span><\/p>\n<p data-path-to-node=\"20\"><span style=\"font-size: 14pt; font-family: verdana, geneva, sans-serif;\"><strong>Hanna Keding<\/strong><\/span><\/p>\n<ul data-path-to-node=\"21\">\n<li>\n<p data-path-to-node=\"21,0,0\"><span style=\"font-family: verdana, geneva, sans-serif;\"><b data-path-to-node=\"21,0,0\" data-index-in-node=\"0\">Telefon:<\/b>\u00a009233 \/ 400 96-22<\/span><\/p>\n<\/li>\n<li>\n<p data-path-to-node=\"21,1,0\"><span style=\"font-family: verdana, geneva, sans-serif;\"><b data-path-to-node=\"21,1,0\" data-index-in-node=\"0\">Mobil &amp; WhatsApp:<\/b>\u00a00172 \/ 5742430<\/span><\/p>\n<\/li>\n<li>\n<p data-path-to-node=\"21,2,0\"><span style=\"font-family: verdana, geneva, sans-serif;\"><b data-path-to-node=\"21,2,0\" data-index-in-node=\"0\"><a href=\"mailto:hanna.keding@awo-wunsiedel.org\">E-Mail schreiben<\/a><\/b><\/span><\/p>\n<\/li>\n<\/ul>\n<blockquote data-path-to-node=\"10\">\n<p data-path-to-node=\"10,0\"><span style=\"font-family: verdana, geneva, sans-serif;\"><b data-path-to-node=\"10,0\" data-index-in-node=\"0\">Wichtiger Hinweis:<\/b> Bitte bringen Sie zu Ihrem Termin alle relevanten Dokumente und Unterlagen (z. B. Bescheide, Ausweise oder Schriftverkehr) mit, damit wir Sie bestm\u00f6glich unterst\u00fctzen k\u00f6nnen.<\/span><\/p>\n<\/blockquote>\n<hr \/>\n<hr \/>\n<h2 data-path-to-node=\"2\"><span style=\"font-family: verdana, geneva, sans-serif;\"><b data-path-to-node=\"2\" data-index-in-node=\"0\">Refugee and Integration Counseling<\/b><\/span><\/h2>\n<p data-path-to-node=\"3\"><span style=\"font-family: verdana, geneva, sans-serif;\">Welcome. We are here to support you in your new beginning and help you navigate your new environment. Our goal is to provide guidance and competent support for legal, social, and personal questions.<\/span><\/p>\n<p data-path-to-node=\"4\"><span style=\"font-family: verdana, geneva, sans-serif;\"><b data-path-to-node=\"4\" data-index-in-node=\"0\">Our Counseling Services<\/b><\/span><\/p>\n<p data-path-to-node=\"5\"><span style=\"font-family: verdana, geneva, sans-serif;\">To ensure we can dedicate enough time to your specific needs, all consultations take place <b data-path-to-node=\"5\" data-index-in-node=\"91\">by prior telephone appointment only<\/b>. This helps us avoid long waiting times for you.<\/span><\/p>\n<h2 data-path-to-node=\"6\"><span style=\"font-family: verdana, geneva, sans-serif;\"><b data-path-to-node=\"6\" data-index-in-node=\"0\">Contacting Our Advisors<\/b><\/span><\/h2>\n<p data-path-to-node=\"7\"><span style=\"font-family: verdana, geneva, sans-serif;\">You can reach us flexibly through the following channels. Choose the method that works best for you:<\/span><\/p>\n<p data-path-to-node=\"7\"><span style=\"font-size: 14pt; font-family: verdana, geneva, sans-serif;\"><strong>Hanna Keding<\/strong><\/span><\/p>\n<ul data-path-to-node=\"8\">\n<li>\n<p data-path-to-node=\"8,0,0\"><span style=\"font-family: verdana, geneva, sans-serif;\"><b data-path-to-node=\"8,0,0\" data-index-in-node=\"0\">By Phone:<\/b> 09233 \/ 400 96-22<\/span><\/p>\n<\/li>\n<li>\n<p data-path-to-node=\"8,2,0\"><span style=\"font-family: verdana, geneva, sans-serif;\"><b data-path-to-node=\"8,2,0\" data-index-in-node=\"0\">Messenger\/WhatsApp (optional):<\/b> +49 172 \/ 5742430<\/span><\/p>\n<\/li>\n<li>\n<p data-path-to-node=\"8,1,0\"><a href=\"mailto:hanna.keding@awo-wunsiedel.org\"><span style=\"font-family: verdana, geneva, sans-serif;\"><b data-path-to-node=\"8,1,0\" data-index-in-node=\"0\">By Email<\/b><\/span><\/a><i data-path-to-node=\"8,2,1,0,0\" data-index-in-node=\"0\"><\/i><\/p>\n<\/li>\n<\/ul>\n<p>&nbsp;<\/p>\n<blockquote data-path-to-node=\"10\">\n<p data-path-to-node=\"10,0\"><span style=\"font-family: verdana, geneva, sans-serif;\"><b data-path-to-node=\"10,0\" data-index-in-node=\"0\">Important Note:<\/b> Please bring all relevant documents and paperwork (e.g., official notices, IDs, or correspondence) to your appointment so that we can provide the best possible assistance.<\/span><\/p>\n<\/blockquote>\n<hr \/>\n<hr \/>\n<h2 data-path-to-node=\"2\"><b data-path-to-node=\"2\" data-index-in-node=\"0\">\u041a\u043e\u043d\u0441\u0443\u043b\u044c\u0442\u0443\u0432\u0430\u043d\u043d\u044f \u0437 \u043f\u0438\u0442\u0430\u043d\u044c \u0431\u0456\u0436\u0435\u043d\u0446\u0456\u0432 \u0442\u0430 \u0456\u043d\u0442\u0435\u0433\u0440\u0430\u0446\u0456\u0457<\/b><\/h2>\n<p data-path-to-node=\"3\">\u0429\u0438\u0440\u043e \u0432\u0456\u0442\u0430\u0454\u043c\u043e! \u041c\u0438 \u043f\u0456\u0434\u0442\u0440\u0438\u043c\u0430\u0454\u043c\u043e \u0432\u0430\u0441 \u0443 \u0432\u0430\u0448\u043e\u043c\u0443 \u043d\u043e\u0432\u043e\u043c\u0443 \u0441\u0442\u0430\u0440\u0442\u0456 \u0442\u0430 \u0434\u043e\u043f\u043e\u043c\u043e\u0436\u0435\u043c\u043e \u0437\u043e\u0440\u0456\u0454\u043d\u0442\u0443\u0432\u0430\u0442\u0438\u0441\u044f \u0432 \u043d\u043e\u0432\u043e\u043c\u0443 \u0441\u0435\u0440\u0435\u0434\u043e\u0432\u0438\u0449\u0456. \u041d\u0430\u0448\u0430 \u043c\u0435\u0442\u0430 \u2014 \u043d\u0430\u0434\u0430\u0442\u0438 \u0432\u0430\u043c \u043e\u0440\u0456\u0454\u043d\u0442\u0438\u0440\u0438 \u0442\u0430 \u043a\u043e\u043c\u043f\u0435\u0442\u0435\u043d\u0442\u043d\u0438\u0439 \u0441\u0443\u043f\u0440\u043e\u0432\u0456\u0434 \u0443 \u043f\u0440\u0430\u0432\u043e\u0432\u0438\u0445, \u0441\u043e\u0446\u0456\u0430\u043b\u044c\u043d\u0438\u0445 \u0442\u0430 \u043e\u0441\u043e\u0431\u0438\u0441\u0442\u0438\u0445 \u043f\u0438\u0442\u0430\u043d\u043d\u044f\u0445.<\/p>\n<h2 data-path-to-node=\"4\"><b data-path-to-node=\"4\" data-index-in-node=\"0\">\u041d\u0430\u0448\u0456 \u043a\u043e\u043d\u0441\u0443\u043b\u044c\u0442\u0430\u0446\u0456\u0439\u043d\u0456 \u043f\u043e\u0441\u043b\u0443\u0433\u0438<\/b><\/h2>\n<p data-path-to-node=\"5\">\u0429\u043e\u0431 \u043c\u0438 \u043c\u043e\u0433\u043b\u0438 \u043f\u0440\u0438\u0434\u0456\u043b\u0438\u0442\u0438 \u0434\u043e\u0441\u0442\u0430\u0442\u043d\u044c\u043e \u0447\u0430\u0441\u0443 \u0432\u0430\u0448\u043e\u043c\u0443 \u0437\u0430\u043f\u0438\u0442\u0443, \u043a\u043e\u043d\u0441\u0443\u043b\u044c\u0442\u0430\u0446\u0456\u0457 \u043f\u0440\u043e\u0432\u043e\u0434\u044f\u0442\u044c\u0441\u044f <b data-path-to-node=\"5\" data-index-in-node=\"78\">\u0432\u0438\u043a\u043b\u044e\u0447\u043d\u043e \u0437\u0430 \u043f\u043e\u043f\u0435\u0440\u0435\u0434\u043d\u0456\u043c \u0437\u0430\u043f\u0438\u0441\u043e\u043c \u043f\u043e \u0442\u0435\u043b\u0435\u0444\u043e\u043d\u0443<\/b>. \u0422\u0430\u043a\u0438\u043c \u0447\u0438\u043d\u043e\u043c \u043c\u0438 \u0443\u043d\u0438\u043a\u0430\u0454\u043c\u043e \u0442\u0440\u0438\u0432\u0430\u043b\u043e\u0433\u043e \u043e\u0447\u0456\u043a\u0443\u0432\u0430\u043d\u043d\u044f \u0434\u043b\u044f \u0432\u0430\u0441.<\/p>\n<h2 data-path-to-node=\"6\"><b data-path-to-node=\"6\" data-index-in-node=\"0\">\u0412\u0430\u0448\u0456 \u043a\u043e\u043d\u0442\u0430\u043a\u0442\u0438 \u0434\u043b\u044f \u043a\u043e\u043d\u0441\u0443\u043b\u044c\u0442\u0430\u0446\u0456\u0457<\/b><\/h2>\n<p data-path-to-node=\"7\">\u041c\u0438 \u0434\u043e\u0441\u0442\u0443\u043f\u043d\u0456 \u0434\u043b\u044f \u0432\u0430\u0441 \u0443 \u0437\u0440\u0443\u0447\u043d\u0438\u0439 \u0441\u043f\u043e\u0441\u0456\u0431. \u041f\u0440\u043e\u0441\u0442\u043e \u043e\u0431\u0435\u0440\u0456\u0442\u044c \u0442\u043e\u0439 \u0432\u0430\u0440\u0456\u0430\u043d\u0442, \u044f\u043a\u0438\u0439 \u0434\u043b\u044f \u0432\u0430\u0441 \u043d\u0430\u0439\u043f\u0440\u043e\u0441\u0442\u0456\u0448\u0438\u0439:<\/p>\n<p data-path-to-node=\"8\"><b data-path-to-node=\"8\" data-index-in-node=\"0\">\u0413\u0430\u043d\u043d\u0430 \u041a\u0435\u0434\u0456\u043d\u0433 (Hanna Keding)<\/b><\/p>\n<ul data-path-to-node=\"9\">\n<li>\n<p data-path-to-node=\"9,0,0\"><b data-path-to-node=\"9,0,0\" data-index-in-node=\"0\">\u0422\u0435\u043b\u0435\u0444\u043e\u043d:<\/b> 09233 \/ 400 96-22<\/p>\n<\/li>\n<li>\n<p data-path-to-node=\"9,1,0\"><b data-path-to-node=\"9,1,0\" data-index-in-node=\"0\">\u041c\u043e\u0431\u0456\u043b\u044c\u043d\u0438\u0439 \u0442\u0430 WhatsApp:<\/b> 0172 \/ 5742430<\/p>\n<\/li>\n<li>\n<p data-path-to-node=\"9,2,0\"><b data-path-to-node=\"9,2,0\" data-index-in-node=\"0\">\u0415\u043b\u0435\u043a\u0442\u0440\u043e\u043d\u043d\u0430 \u043f\u043e\u0448\u0442\u0430<\/b><\/p>\n<\/li>\n<\/ul>\n<hr data-path-to-node=\"10\" \/>\n<blockquote data-path-to-node=\"11\">\n<p data-path-to-node=\"11,0\"><b data-path-to-node=\"11,0\" data-index-in-node=\"0\">\u0412\u0430\u0436\u043b\u0438\u0432\u0430 \u043f\u0440\u0438\u043c\u0456\u0442\u043a\u0430:<\/b> \u0411\u0443\u0434\u044c \u043b\u0430\u0441\u043a\u0430, \u043f\u0440\u0438\u043d\u043e\u0441\u044c\u0442\u0435 \u043d\u0430 \u043f\u0440\u0438\u0439\u043e\u043c \u0443\u0441\u0456 \u0432\u0456\u0434\u043f\u043e\u0432\u0456\u0434\u043d\u0456 \u0434\u043e\u043a\u0443\u043c\u0435\u043d\u0442\u0438 \u0442\u0430 \u043f\u0430\u043f\u0435\u0440\u0438 (\u043d\u0430\u043f\u0440\u0438\u043a\u043b\u0430\u0434, \u0440\u0456\u0448\u0435\u043d\u043d\u044f \u0432\u0456\u0434\u043e\u043c\u0441\u0442\u0432, \u043f\u043e\u0441\u0432\u0456\u0434\u0447\u0435\u043d\u043d\u044f \u043e\u0441\u043e\u0431\u0438 \u0430\u0431\u043e \u043b\u0438\u0441\u0442\u0443\u0432\u0430\u043d\u043d\u044f), \u0449\u043e\u0431 \u043c\u0438 \u043c\u043e\u0433\u043b\u0438 \u043d\u0430\u0434\u0430\u0442\u0438 \u0432\u0430\u043c \u043d\u0430\u0439\u043a\u0440\u0430\u0449\u0443 \u043f\u0456\u0434\u0442\u0440\u0438\u043c\u043a\u0443.<\/p>\n<\/blockquote>\n<p>&nbsp;<\/p>\n<hr \/>\n<hr \/>\n<h2 style=\"text-align: right;\" data-path-to-node=\"2\"><b data-path-to-node=\"2\" data-index-in-node=\"0\">\u0627\u0633\u062a\u0634\u0627\u0631\u0627\u062a \u0627\u0644\u0644\u0627\u062c\u0626\u064a\u0646 \u0648\u0627\u0644\u0627\u0646\u062f\u0645\u0627\u062c<\/b><\/h2>\n<p style=\"text-align: right;\" data-path-to-node=\"3\">\u0623\u0647\u0644\u0627\u064b \u0648\u0633\u0647\u0644\u0627\u064b \u0628\u0643\u0645. \u0646\u062d\u0646 \u0646\u062f\u0639\u0645\u0643\u0645 \u0641\u064a \u0628\u062f\u0627\u064a\u062a\u0643\u0645 \u0627\u0644\u062c\u062f\u064a\u062f\u0629 \u0648\u0646\u0633\u0627\u0639\u062f\u0643\u0645 \u0639\u0644\u0649 \u0627\u0644\u062a\u0623\u0642\u0644\u0645 \u0641\u064a \u0645\u062d\u064a\u0637\u0643\u0645 \u0627\u0644\u062c\u062f\u064a\u062f. \u0647\u062f\u0641\u0646\u0627 \u0647\u0648 \u062a\u0642\u062f\u064a\u0645 \u0627\u0644\u062a\u0648\u062c\u064a\u0647 \u0644\u0643\u0645 \u0648\u0645\u0631\u0627\u0641\u0642\u062a\u0643\u0645 \u0628\u0643\u0641\u0627\u0621\u0629 \u0641\u064a \u0627\u0644\u0623\u0633\u0626\u0644\u0629 \u0627\u0644\u0642\u0627\u0646\u0648\u0646\u064a\u0629 \u0648\u0627\u0644\u0627\u062c\u062a\u0645\u0627\u0639\u064a\u0629 \u0648\u0627\u0644\u0634\u062e\u0635\u064a\u0629.<\/p>\n<h2 style=\"text-align: right;\" data-path-to-node=\"4\"><b data-path-to-node=\"4\" data-index-in-node=\"0\">\u062e\u062f\u0645\u0627\u062a \u0627\u0644\u0627\u0633\u062a\u0634\u0627\u0631\u0629 \u0644\u062f\u064a\u0646\u0627<\/b><\/h2>\n<p style=\"text-align: right;\" data-path-to-node=\"5\">\u0644\u0636\u0645\u0627\u0646 \u062a\u062e\u0635\u064a\u0635 \u0627\u0644\u0648\u0642\u062a \u0627\u0644\u0643\u0627\u0641\u064a \u0644\u0637\u0644\u0628\u0643\u0645\u060c \u062a\u064f\u0639\u0642\u062f \u062c\u0644\u0633\u0627\u062a \u0627\u0644\u0627\u0633\u062a\u0634\u0627\u0631\u0629 <b data-path-to-node=\"5\" data-index-in-node=\"55\">\u0641\u062d\u0635\u0627\u064b \u0628\u0646\u0627\u0621\u064b \u0639\u0644\u0649 \u0645\u0648\u0639\u062f \u0647\u0627\u062a\u0641\u064a \u0645\u0633\u0628\u0642<\/b>. \u0628\u0647\u0630\u0647 \u0627\u0644\u0637\u0631\u064a\u0642\u0629 \u0646\u062a\u062c\u0646\u0628 \u0641\u062a\u0631\u0627\u062a \u0627\u0644\u0627\u0646\u062a\u0638\u0627\u0631 \u0627\u0644\u0637\u0648\u064a\u0644\u0629 \u0645\u0646 \u0623\u062c\u0644\u0643\u0645.<\/p>\n<h2 style=\"text-align: right;\" data-path-to-node=\"6\"><b data-path-to-node=\"6\" data-index-in-node=\"0\">\u0627\u062a\u0635\u0627\u0644\u0643\u0645 \u0628\u0627\u0644\u0645\u0633\u062a\u0634\u0627\u0631<\/b><\/h2>\n<p style=\"text-align: right;\" data-path-to-node=\"7\">\u064a\u0645\u0643\u0646\u0643\u0645 \u0627\u0644\u0648\u0635\u0648\u0644 \u0625\u0644\u064a\u0646\u0627 \u0628\u0645\u0631\u0648\u0646\u0629. \u0645\u0627 \u0639\u0644\u064a\u0643\u0645 \u0633\u0648\u0649 \u0627\u062e\u062a\u064a\u0627\u0631 \u0627\u0644\u0637\u0631\u064a\u0642\u0629 \u0627\u0644\u0623\u0633\u0647\u0644 \u0628\u0627\u0644\u0646\u0633\u0628\u0629 \u0644\u0643\u0645:<\/p>\n<p style=\"text-align: right;\" data-path-to-node=\"8\"><b data-path-to-node=\"8\" data-index-in-node=\"0\">\u0647\u0627\u0646\u0627 \u0643\u064a\u062f\u064a\u0646\u063a (Hanna Keding)<\/b><\/p>\n<ul style=\"text-align: right;\" data-path-to-node=\"9\">\n<li>\n<p data-path-to-node=\"9,0,0\"><b data-path-to-node=\"9,0,0\" data-index-in-node=\"0\">\u0627\u0644\u0647\u0627\u062a\u0641:<\/b> 22-96 400 \/ 09233<\/p>\n<\/li>\n<li>\n<p data-path-to-node=\"9,1,0\"><b data-path-to-node=\"9,1,0\" data-index-in-node=\"0\">\u0627\u0644\u062c\u0648\u0627\u0644 \u0648\u0627\u0644\u0648\u0627\u062a\u0633\u0627\u0628:<\/b> 5742430 \/ 0172<\/p>\n<\/li>\n<li>\n<p data-path-to-node=\"9,2,0\"><a href=\"mailto:hanna.keding@awo-wunsiedel.org\"><b data-path-to-node=\"9,2,0\" data-index-in-node=\"0\">\u0627\u0644\u0628\u0631\u064a\u062f \u0627\u0644\u0625\u0644\u0643\u062a\u0631\u0648\u0646\u064a<\/b><\/a><\/p>\n<\/li>\n<\/ul>\n<blockquote data-path-to-node=\"11\">\n<p style=\"text-align: right;\" data-path-to-node=\"11,0\"><b data-path-to-node=\"11,0\" data-index-in-node=\"0\">\u0645\u0644\u0627\u062d\u0638\u0629 \u0647\u0627\u0645\u0629:<\/b> \u064a\u0631\u062c\u0649 \u0625\u062d\u0636\u0627\u0631 \u062c\u0645\u064a\u0639 \u0627\u0644\u0648\u062b\u0627\u0626\u0642 \u0648\u0627\u0644\u0645\u0633\u062a\u0646\u062f\u0627\u062a \u0630\u0627\u062a \u0627\u0644\u0635\u0644\u0629 (\u0645\u062b\u0644 \u0627\u0644\u0642\u0631\u0627\u0631\u0627\u062a \u0627\u0644\u0631\u0633\u0645\u064a\u0629\u060c \u0627\u0644\u0647\u0648\u064a\u0627\u062a\u060c \u0623\u0648 \u0627\u0644\u0645\u0631\u0627\u0633\u0644\u0627\u062a) \u0625\u0644\u0649<\/p>\n<\/blockquote>\n<hr \/>\n<hr \/>\n<p data-path-to-node=\"11,0\">\n","protected":false},"excerpt":{"rendered":"<p>Fl\u00fcchtlings- und Integrationsberatung Herzlich willkommen. Wir unterst\u00fctzen Sie bei Ihrem Neuanfang und helfen Ihnen, sich in Ihrer neuen Umgebung zurechtzufinden. Unser Ziel ist es, Ihnen Orientierung zu bieten und Sie bei rechtlichen, sozialen und pers\u00f6nlichen Fragen kompetent zu begleiten. Unser Beratungsangebot Damit wir uns ausreichend Zeit f\u00fcr Ihr Anliegen nehmen k\u00f6nnen, finden Beratungsgespr\u00e4che ausschlie\u00dflich nach [&hellip;]<\/p>\n","protected":false},"author":1,"featured_media":0,"parent":0,"menu_order":0,"comment_status":"closed","ping_status":"closed","template":"","meta":{"footnotes":""},"class_list":["post-2268","page","type-page","status-publish","hentry"],"_links":{"self":[{"href":"https:\/\/www.awo-arzberg.de\/index.php?rest_route=\/wp\/v2\/pages\/2268","targetHints":{"allow":["GET"]}}],"collection":[{"href":"https:\/\/www.awo-arzberg.de\/index.php?rest_route=\/wp\/v2\/pages"}],"about":[{"href":"https:\/\/www.awo-arzberg.de\/index.php?rest_route=\/wp\/v2\/types\/page"}],"author":[{"embeddable":true,"href":"https:\/\/www.awo-arzberg.de\/index.php?rest_route=\/wp\/v2\/users\/1"}],"replies":[{"embeddable":true,"href":"https:\/\/www.awo-arzberg.de\/index.php?rest_route=%2Fwp%2Fv2%2Fcomments&post=2268"}],"version-history":[{"count":13,"href":"https:\/\/www.awo-arzberg.de\/index.php?rest_route=\/wp\/v2\/pages\/2268\/revisions"}],"predecessor-version":[{"id":2297,"href":"https:\/\/www.awo-arzberg.de\/index.php?rest_route=\/wp\/v2\/pages\/2268\/revisions\/2297"}],"wp:attachment":[{"href":"https:\/\/www.awo-arzberg.de\/index.php?rest_route=%2Fwp%2Fv2%2Fmedia&parent=2268"}],"curies":[{"name":"wp","href":"https:\/\/api.w.org\/{rel}","templated":true}]}}