{"id":2320,"date":"2026-03-07T11:48:05","date_gmt":"2026-03-07T10:48:05","guid":{"rendered":"https:\/\/www.awo-arzberg.de\/?page_id=2320"},"modified":"2026-03-07T16:02:48","modified_gmt":"2026-03-07T15:02:48","slug":"menueservice","status":"publish","type":"page","link":"https:\/\/www.awo-arzberg.de\/?page_id=2320","title":{"rendered":"Men\u00fcservice"},"content":{"rendered":"<p style=\"text-align: center;\"><span style=\"font-family: verdana, geneva, sans-serif;\">Lassen Sie sich inspirieren \u2013 ein Klick aufs Bild \u00f6ffnet unsere Speisekarte.<\/span><\/p>\n<p><a href=\"https:\/\/www.awo-arzberg.de\/wp-content\/uploads\/2026\/03\/Katalog-Broschuere.pdf\"><img fetchpriority=\"high\" decoding=\"async\" class=\"aligncenter wp-image-2334 size-medium\" src=\"https:\/\/www.awo-arzberg.de\/wp-content\/uploads\/2026\/03\/Katalog-Deckblatt_klein-283x400.jpg\" alt=\"\" width=\"283\" height=\"400\" srcset=\"https:\/\/www.awo-arzberg.de\/wp-content\/uploads\/2026\/03\/Katalog-Deckblatt_klein-283x400.jpg 283w, https:\/\/www.awo-arzberg.de\/wp-content\/uploads\/2026\/03\/Katalog-Deckblatt_klein.jpg 354w\" sizes=\"(max-width: 283px) 100vw, 283px\" \/><\/a><\/p>\n<hr \/>\n<p data-path-to-node=\"8\"><span style=\"font-family: verdana, geneva, sans-serif;\">M\u00f6chten Sie sich anmelden oder haben Sie Fragen zu unserem Angebot? Wir beraten Sie gerne unverbindlich und pers\u00f6nlich.<\/span><\/p>\n<p data-path-to-node=\"9\"><span style=\"font-family: verdana, geneva, sans-serif;\"><b data-path-to-node=\"9\" data-index-in-node=\"0\">Ihre Ansprechpartnerin:<\/b><\/span><\/p>\n<p data-path-to-node=\"9\"><span style=\"font-family: verdana, geneva, sans-serif;\"><b data-path-to-node=\"9\" data-index-in-node=\"24\">Bianca Kliewer<\/b><\/span><\/p>\n<p data-path-to-node=\"9\"><span style=\"font-family: verdana, geneva, sans-serif;\"><b data-path-to-node=\"9\" data-index-in-node=\"39\">Telefon:<\/b>\u00a0<a class=\"ng-star-inserted\" href=\"https:\/\/www.google.com\/search?q=tel:092334009624\" target=\"_blank\" rel=\"noopener\" data-hveid=\"0\" data-ved=\"0CAAQ_4QMahgKEwiA5vHvso2TAxUAAAAAHQAAAAAQuAE\">09233 \/ 400 96 24<\/a><\/span><\/p>\n<p data-path-to-node=\"9\"><span style=\"font-family: verdana, geneva, sans-serif;\"><strong><a href=\"mailto:menueservice@awo-wunsiedel.org\">Mail<\/a><\/strong><\/span><\/p>\n","protected":false},"excerpt":{"rendered":"<p>Lassen Sie sich inspirieren \u2013 ein Klick aufs Bild \u00f6ffnet unsere Speisekarte. M\u00f6chten Sie sich anmelden oder haben Sie Fragen zu unserem Angebot? Wir beraten Sie gerne unverbindlich und pers\u00f6nlich. Ihre Ansprechpartnerin: Bianca Kliewer Telefon:\u00a009233 \/ 400 96 24 Mail<\/p>\n","protected":false},"author":1,"featured_media":0,"parent":0,"menu_order":0,"comment_status":"closed","ping_status":"closed","template":"","meta":{"footnotes":""},"class_list":["post-2320","page","type-page","status-publish","hentry"],"_links":{"self":[{"href":"https:\/\/www.awo-arzberg.de\/index.php?rest_route=\/wp\/v2\/pages\/2320","targetHints":{"allow":["GET"]}}],"collection":[{"href":"https:\/\/www.awo-arzberg.de\/index.php?rest_route=\/wp\/v2\/pages"}],"about":[{"href":"https:\/\/www.awo-arzberg.de\/index.php?rest_route=\/wp\/v2\/types\/page"}],"author":[{"embeddable":true,"href":"https:\/\/www.awo-arzberg.de\/index.php?rest_route=\/wp\/v2\/users\/1"}],"replies":[{"embeddable":true,"href":"https:\/\/www.awo-arzberg.de\/index.php?rest_route=%2Fwp%2Fv2%2Fcomments&post=2320"}],"version-history":[{"count":12,"href":"https:\/\/www.awo-arzberg.de\/index.php?rest_route=\/wp\/v2\/pages\/2320\/revisions"}],"predecessor-version":[{"id":2338,"href":"https:\/\/www.awo-arzberg.de\/index.php?rest_route=\/wp\/v2\/pages\/2320\/revisions\/2338"}],"wp:attachment":[{"href":"https:\/\/www.awo-arzberg.de\/index.php?rest_route=%2Fwp%2Fv2%2Fmedia&parent=2320"}],"curies":[{"name":"wp","href":"https:\/\/api.w.org\/{rel}","templated":true}]}}