{"id":33,"date":"2017-05-20T21:42:41","date_gmt":"2017-05-20T19:42:41","guid":{"rendered":"https:\/\/www.awo-arzberg.de\/?page_id=33"},"modified":"2026-01-31T11:44:19","modified_gmt":"2026-01-31T10:44:19","slug":"kinder-jugend-und-familie","status":"publish","type":"page","link":"https:\/\/www.awo-arzberg.de\/?page_id=33","title":{"rendered":"Kinder, Jugend und Familie"},"content":{"rendered":"<p>Vielfalt und Action f\u00fcr unsere Kids: Die AWO Arzberg e.V. organisiert j\u00e4hrlich mit Unterst\u00fctzung der Stadt Arzberg eine Ferienaktion f\u00fcr Kinder und Jugendliche aus der Region. Zudem bietet der AWO Kids Club einen monatlichen Treffpunkt f\u00fcr die junge Generation an.<\/p>\n<p>Damit auch die Mobilit\u00e4t nicht zu kurz kommt, unterst\u00fctzt unser Kinder- und Jugendbus Familien und Gruppen: Er kann flexibel f\u00fcr Wochenendausfl\u00fcge oder Veranstaltungsbesuche ausgeliehen werden!<\/p>\n<p><span style=\"font-family: arial,helvetica,sans-serif; font-size: 12pt;\">Die Arbeit der AWO Arzberg wird unter anderem im Rahmen des Projektes &#8222;Menschen st\u00e4rken Menschen&#8220; vom Bundesfamilienministerium gef\u00f6rdert.<\/span><\/p>\n","protected":false},"excerpt":{"rendered":"<p>Vielfalt und Action f\u00fcr unsere Kids: Die AWO Arzberg e.V. organisiert j\u00e4hrlich mit Unterst\u00fctzung der Stadt Arzberg eine Ferienaktion f\u00fcr Kinder und Jugendliche aus der Region. Zudem bietet der AWO Kids Club einen monatlichen Treffpunkt f\u00fcr die junge Generation an. Damit auch die Mobilit\u00e4t nicht zu kurz kommt, unterst\u00fctzt unser Kinder- und Jugendbus Familien und [&hellip;]<\/p>\n","protected":false},"author":1,"featured_media":0,"parent":0,"menu_order":0,"comment_status":"closed","ping_status":"closed","template":"","meta":{"footnotes":""},"class_list":["post-33","page","type-page","status-publish","hentry"],"_links":{"self":[{"href":"https:\/\/www.awo-arzberg.de\/index.php?rest_route=\/wp\/v2\/pages\/33","targetHints":{"allow":["GET"]}}],"collection":[{"href":"https:\/\/www.awo-arzberg.de\/index.php?rest_route=\/wp\/v2\/pages"}],"about":[{"href":"https:\/\/www.awo-arzberg.de\/index.php?rest_route=\/wp\/v2\/types\/page"}],"author":[{"embeddable":true,"href":"https:\/\/www.awo-arzberg.de\/index.php?rest_route=\/wp\/v2\/users\/1"}],"replies":[{"embeddable":true,"href":"https:\/\/www.awo-arzberg.de\/index.php?rest_route=%2Fwp%2Fv2%2Fcomments&post=33"}],"version-history":[{"count":6,"href":"https:\/\/www.awo-arzberg.de\/index.php?rest_route=\/wp\/v2\/pages\/33\/revisions"}],"predecessor-version":[{"id":2055,"href":"https:\/\/www.awo-arzberg.de\/index.php?rest_route=\/wp\/v2\/pages\/33\/revisions\/2055"}],"wp:attachment":[{"href":"https:\/\/www.awo-arzberg.de\/index.php?rest_route=%2Fwp%2Fv2%2Fmedia&parent=33"}],"curies":[{"name":"wp","href":"https:\/\/api.w.org\/{rel}","templated":true}]}}