{"id":330,"date":"2017-05-24T10:19:36","date_gmt":"2017-05-24T08:19:36","guid":{"rendered":"https:\/\/www.awo-arzberg.de\/?page_id=330"},"modified":"2026-02-28T11:02:35","modified_gmt":"2026-02-28T10:02:35","slug":"spenden","status":"publish","type":"page","link":"https:\/\/www.awo-arzberg.de\/?page_id=330","title":{"rendered":"Gutes tun \/ Unterst\u00fctzen"},"content":{"rendered":"<section class=\"content content-text\">\n<div class=\"container-fluid\">\n<div class=\"col-sm-offset-3 col-sm-24\">\n<div class=\"inner\">\n<h1><span style=\"font-family: arial,helvetica,sans-serif; font-size: 18pt;\">F\u00fcr die AWO spenden<\/span><\/h1>\n<p class=\"lead\"><span style=\"font-family: arial,helvetica,sans-serif; font-size: 12pt;\">Tagt\u00e4glich setzen wir uns mit haupt- und ehrenamtlichen MitarbeiterInnen f\u00fcr das Wohl der Menschen und f\u00fcr eine sozialgerechte Gesellschaft ein.<\/span><\/p>\n<p class=\"lead\"><span style=\"font-family: arial,helvetica,sans-serif; font-size: 12pt;\">In den Einrichtungen und Dienstleistungen unserer Fachbereiche<\/span><\/p>\n<ul>\n<li><span style=\"font-family: arial,helvetica,sans-serif; font-size: 12pt;\"><strong>Kinder, Jugend und Familie<\/strong><\/span><\/li>\n<li><span style=\"font-family: arial,helvetica,sans-serif; font-size: 12pt;\"><strong>Senioren<\/strong><\/span><\/li>\n<li><span style=\"font-family: arial,helvetica,sans-serif; font-size: 12pt;\"><strong>Migration<\/strong><\/span><\/li>\n<li><span style=\"font-family: arial,helvetica,sans-serif; font-size: 12pt;\"><strong>Tafel<\/strong><\/span><\/li>\n<\/ul>\n<p class=\"lead\"><span style=\"font-family: arial,helvetica,sans-serif; font-size: 12pt;\">bieten wir professionelle soziale Hilfs-, Betreuungs- und Beratungsangebote f\u00fcr Menschen aller Altersstufen, ungeachtet ihrer Religion oder Nationalit\u00e4t.<\/span><\/p>\n<p class=\"lead\"><span style=\"font-family: arial,helvetica,sans-serif; font-size: 12pt;\"><strong>Um weiterhin wertvolle Arbeit leisten zu k\u00f6nnen und Menschen<\/strong><strong> bei der Bew\u00e4ltigung ihres Lebensalltages zu unterst\u00fctzen, sind wir auf Sie angewiesen und freuen uns \u00fcber eine Spende. \u00a0<\/strong><\/span><\/p>\n<\/div>\n<p class=\"lead\"><span style=\"font-family: arial,helvetica,sans-serif; font-size: 12pt;\"><img fetchpriority=\"high\" decoding=\"async\" class=\"size-medium wp-image-331 aligncenter\" src=\"https:\/\/www.awo-arzberg.de\/wp-content\/uploads\/2017\/05\/Haende_Herz_123rtf_ab61899a3e-400x267.jpg\" alt=\"\" width=\"400\" height=\"267\" srcset=\"https:\/\/www.awo-arzberg.de\/wp-content\/uploads\/2017\/05\/Haende_Herz_123rtf_ab61899a3e-400x267.jpg 400w, https:\/\/www.awo-arzberg.de\/wp-content\/uploads\/2017\/05\/Haende_Herz_123rtf_ab61899a3e-90x60.jpg 90w, https:\/\/www.awo-arzberg.de\/wp-content\/uploads\/2017\/05\/Haende_Herz_123rtf_ab61899a3e.jpg 740w\" sizes=\"(max-width: 400px) 100vw, 400px\" \/><\/span><\/p>\n<\/div>\n<\/div>\n<\/section>\n<section class=\"content content-text\">\n<div class=\"container-fluid\">\n<div class=\"row\">\n<div class=\"col-sm-offset-3 col-sm-12\">\n<div class=\"inner\">\n<p class=\"lead\"><span style=\"color: #000000; font-family: arial,helvetica,sans-serif; font-size: 12pt;\"><strong>Spendenkonto:<\/strong><\/span><\/p>\n<p><span style=\"font-family: arial,helvetica,sans-serif; font-size: 12pt;\"><strong>AWO Ortsverein (Kinder, Jugend, Senioren)\u00a0<\/strong><\/span><\/p>\n<table class=\"contenttable\">\n<thead>\n<tr>\n<th><\/th>\n<th><\/th>\n<\/tr>\n<\/thead>\n<tbody>\n<tr>\n<td><span style=\"font-family: arial,helvetica,sans-serif; font-size: 12pt;\">IBAN:<\/span><\/td>\n<td><span style=\"font-family: arial,helvetica,sans-serif; font-size: 12pt;\">\u00a0DE 13\u00a07805 0000 0620\u00a01040\u00a091<\/span><\/td>\n<\/tr>\n<tr>\n<td><span style=\"font-family: arial,helvetica,sans-serif; font-size: 12pt;\">BIC:<\/span><\/td>\n<td><span style=\"font-family: arial,helvetica,sans-serif; font-size: 12pt;\">\u00a0BYLADEM1HOF<\/span><\/td>\n<\/tr>\n<tr>\n<td><span style=\"font-family: arial,helvetica,sans-serif; font-size: 12pt;\">Kreditinstitut:<\/span><\/td>\n<td><span style=\"font-family: arial,helvetica,sans-serif; font-size: 12pt;\">\u00a0Sparkasse\u00a0Hochfranken<\/span><\/td>\n<\/tr>\n<\/tbody>\n<\/table>\n<p><span style=\"font-family: arial,helvetica,sans-serif; font-size: 12pt;\"><strong>AWO Migration\u00a0<\/strong><\/span><\/p>\n<table class=\"contenttable\">\n<thead>\n<tr>\n<th><\/th>\n<th><\/th>\n<\/tr>\n<\/thead>\n<tbody>\n<tr>\n<td><span style=\"font-family: arial,helvetica,sans-serif; font-size: 12pt;\">IBAN:<\/span><\/td>\n<td><span style=\"font-family: arial,helvetica,sans-serif; font-size: 12pt;\">\u00a0DE 44\u00a07805 0000 0222\u00a03389\u00a031<\/span><\/td>\n<\/tr>\n<tr>\n<td><span style=\"font-family: arial,helvetica,sans-serif; font-size: 12pt;\">BIC:<\/span><\/td>\n<td><span style=\"font-family: arial,helvetica,sans-serif; font-size: 12pt;\">\u00a0BYLADEM1HOF<\/span><\/td>\n<\/tr>\n<tr>\n<td><span style=\"font-family: arial,helvetica,sans-serif; font-size: 12pt;\">Kreditinstitut:<\/span><\/td>\n<td><span style=\"font-family: arial,helvetica,sans-serif; font-size: 12pt;\">\u00a0Sparkasse\u00a0Hochfranken<\/span><\/td>\n<\/tr>\n<\/tbody>\n<\/table>\n<p><span style=\"font-family: arial,helvetica,sans-serif; font-size: 12pt;\"><strong>AWO Tafel\u00a0<\/strong><\/span><\/p>\n<table class=\"contenttable\">\n<thead>\n<tr>\n<th><\/th>\n<th><\/th>\n<\/tr>\n<\/thead>\n<tbody>\n<tr>\n<td><span style=\"font-family: arial,helvetica,sans-serif; font-size: 12pt;\">IBAN:<\/span><\/td>\n<td><span style=\"font-family: arial,helvetica,sans-serif; font-size: 12pt;\">\u00a0DE 71\u00a07805 0000 0203\u00a00616\u00a035<\/span><\/td>\n<\/tr>\n<tr>\n<td><span style=\"font-family: arial,helvetica,sans-serif; font-size: 12pt;\">BIC:<\/span><\/td>\n<td><span style=\"font-family: arial,helvetica,sans-serif; font-size: 12pt;\">\u00a0BYLADEM1HOF<\/span><\/td>\n<\/tr>\n<tr>\n<td><span style=\"font-family: arial,helvetica,sans-serif; font-size: 12pt;\">Kreditinstitut:<\/span><\/td>\n<td><span style=\"font-family: arial,helvetica,sans-serif; font-size: 12pt;\">\u00a0Sparkasse\u00a0Hochfranken<\/span><\/td>\n<\/tr>\n<\/tbody>\n<\/table>\n<p class=\"lead\"><span style=\"font-family: arial,helvetica,sans-serif; font-size: 12pt;\">Wir sagen<strong> herzlichen Dank <\/strong>f\u00fcr Ihre Unterst\u00fctzung!<\/span><\/p>\n<\/div>\n<\/div>\n<\/div>\n<\/div>\n<\/section>\n","protected":false},"excerpt":{"rendered":"<p>F\u00fcr die AWO spenden Tagt\u00e4glich setzen wir uns mit haupt- und ehrenamtlichen MitarbeiterInnen f\u00fcr das Wohl der Menschen und f\u00fcr eine sozialgerechte Gesellschaft ein. In den Einrichtungen und Dienstleistungen unserer Fachbereiche Kinder, Jugend und Familie Senioren Migration Tafel bieten wir professionelle soziale Hilfs-, Betreuungs- und Beratungsangebote f\u00fcr Menschen aller Altersstufen, ungeachtet ihrer Religion oder Nationalit\u00e4t. [&hellip;]<\/p>\n","protected":false},"author":1,"featured_media":0,"parent":39,"menu_order":8,"comment_status":"closed","ping_status":"closed","template":"","meta":{"footnotes":""},"class_list":["post-330","page","type-page","status-publish","hentry"],"_links":{"self":[{"href":"https:\/\/www.awo-arzberg.de\/index.php?rest_route=\/wp\/v2\/pages\/330","targetHints":{"allow":["GET"]}}],"collection":[{"href":"https:\/\/www.awo-arzberg.de\/index.php?rest_route=\/wp\/v2\/pages"}],"about":[{"href":"https:\/\/www.awo-arzberg.de\/index.php?rest_route=\/wp\/v2\/types\/page"}],"author":[{"embeddable":true,"href":"https:\/\/www.awo-arzberg.de\/index.php?rest_route=\/wp\/v2\/users\/1"}],"replies":[{"embeddable":true,"href":"https:\/\/www.awo-arzberg.de\/index.php?rest_route=%2Fwp%2Fv2%2Fcomments&post=330"}],"version-history":[{"count":4,"href":"https:\/\/www.awo-arzberg.de\/index.php?rest_route=\/wp\/v2\/pages\/330\/revisions"}],"predecessor-version":[{"id":2120,"href":"https:\/\/www.awo-arzberg.de\/index.php?rest_route=\/wp\/v2\/pages\/330\/revisions\/2120"}],"up":[{"embeddable":true,"href":"https:\/\/www.awo-arzberg.de\/index.php?rest_route=\/wp\/v2\/pages\/39"}],"wp:attachment":[{"href":"https:\/\/www.awo-arzberg.de\/index.php?rest_route=%2Fwp%2Fv2%2Fmedia&parent=330"}],"curies":[{"name":"wp","href":"https:\/\/api.w.org\/{rel}","templated":true}]}}