{"id":35,"date":"2017-05-20T21:43:05","date_gmt":"2017-05-20T19:43:05","guid":{"rendered":"https:\/\/www.awo-arzberg.de\/?page_id=35"},"modified":"2026-01-31T15:42:29","modified_gmt":"2026-01-31T14:42:29","slug":"arzberger-tafel","status":"publish","type":"page","link":"https:\/\/www.awo-arzberg.de\/?page_id=35","title":{"rendered":"Tafel"},"content":{"rendered":"<p data-path-to-node=\"3,0\">Seit 2009 unterst\u00fctzt die Arzberger Tafel\u00a0Menschen in Not, indem sie hochwertige Lebensmittel gegen einen geringen Unkostenbeitrag ausgibt. Hinter diesem wichtigen Angebot stehen \u00fcber 30 ehrenamtliche Helferinnen und Helfer, die jede Woche im Einsatz sind: Sie sammeln Waren bei den lokalen M\u00e4rkten ein, sortieren und lagern diese fachgerecht, um sie schlie\u00dflich an unsere Kundinnen und Kunden weiterzugeben.<\/p>\n<p data-path-to-node=\"3,1\">Unser Tafel-Laden in der Thiersheimer Stra\u00dfe 1 in Arzberg ist f\u00fcr Sie immer samstags ab 13:00 Uhr ge\u00f6ffnet.<\/p>\n<p><span style=\"font-family: arial,helvetica,sans-serif; font-size: 12pt;\"><img decoding=\"async\" class=\"aligncenter wp-image-1006\" src=\"https:\/\/www.awo-arzberg.de\/wp-content\/uploads\/2019\/03\/Tafellogo-400x105.png\" alt=\"\" width=\"250\" height=\"66\" srcset=\"https:\/\/www.awo-arzberg.de\/wp-content\/uploads\/2019\/03\/Tafellogo-400x105.png 400w, https:\/\/www.awo-arzberg.de\/wp-content\/uploads\/2019\/03\/Tafellogo.png 438w\" sizes=\"(max-width: 250px) 100vw, 250px\" \/><\/span><\/p>\n<p>&nbsp;<\/p>\n<p>Dass dieses Engagement so erfolgreich ist, verdanken wir einer starken Gemeinschaft: Unterst\u00fctzt wird unsere Arbeit rund um die Tafel nicht nur durch treue Lebensmittelspenden lokaler M\u00e4rkte, sondern auch durch das Bundesfamilienministerium im Rahmen des Programms <b data-path-to-node=\"2,0\" data-index-in-node=\"266\">\u201eMenschen st\u00e4rken Menschen\u201c<\/b>. Gemeinsam sorgen wir f\u00fcr sozialen Zusammenhalt in Arzberg.<\/p>\n<p>&nbsp;<\/p>\n<p><img decoding=\"async\" class=\"alignnone size-thumbnail wp-image-1232\" src=\"https:\/\/www.awo-arzberg.de\/wp-content\/uploads\/2020\/08\/BMFSFJ-gef\u00f6rdert-vom-150x150.jpg\" alt=\"\" width=\"150\" height=\"150\" srcset=\"https:\/\/www.awo-arzberg.de\/wp-content\/uploads\/2020\/08\/BMFSFJ-gef\u00f6rdert-vom-150x150.jpg 150w, https:\/\/www.awo-arzberg.de\/wp-content\/uploads\/2020\/08\/BMFSFJ-gef\u00f6rdert-vom-80x80.jpg 80w\" sizes=\"(max-width: 150px) 100vw, 150px\" \/><img decoding=\"async\" class=\"alignnone size-thumbnail wp-image-1607\" src=\"https:\/\/www.awo-arzberg.de\/wp-content\/uploads\/2023\/12\/MSM_Patenschaftsprogramm_Logo_RGB-150x150.jpg\" alt=\"\" width=\"150\" height=\"150\" srcset=\"https:\/\/www.awo-arzberg.de\/wp-content\/uploads\/2023\/12\/MSM_Patenschaftsprogramm_Logo_RGB-150x150.jpg 150w, https:\/\/www.awo-arzberg.de\/wp-content\/uploads\/2023\/12\/MSM_Patenschaftsprogramm_Logo_RGB-400x400.jpg 400w, https:\/\/www.awo-arzberg.de\/wp-content\/uploads\/2023\/12\/MSM_Patenschaftsprogramm_Logo_RGB-1024x1024.jpg 1024w, https:\/\/www.awo-arzberg.de\/wp-content\/uploads\/2023\/12\/MSM_Patenschaftsprogramm_Logo_RGB-768x768.jpg 768w, https:\/\/www.awo-arzberg.de\/wp-content\/uploads\/2023\/12\/MSM_Patenschaftsprogramm_Logo_RGB-80x80.jpg 80w, https:\/\/www.awo-arzberg.de\/wp-content\/uploads\/2023\/12\/MSM_Patenschaftsprogramm_Logo_RGB.jpg 1182w\" sizes=\"(max-width: 150px) 100vw, 150px\" \/><\/p>\n","protected":false},"excerpt":{"rendered":"<p>Seit 2009 unterst\u00fctzt die Arzberger Tafel\u00a0Menschen in Not, indem sie hochwertige Lebensmittel gegen einen geringen Unkostenbeitrag ausgibt. Hinter diesem wichtigen Angebot stehen \u00fcber 30 ehrenamtliche Helferinnen und Helfer, die jede Woche im Einsatz sind: Sie sammeln Waren bei den lokalen M\u00e4rkten ein, sortieren und lagern diese fachgerecht, um sie schlie\u00dflich an unsere Kundinnen und Kunden [&hellip;]<\/p>\n","protected":false},"author":1,"featured_media":0,"parent":0,"menu_order":0,"comment_status":"closed","ping_status":"closed","template":"","meta":{"footnotes":""},"class_list":["post-35","page","type-page","status-publish","hentry"],"_links":{"self":[{"href":"https:\/\/www.awo-arzberg.de\/index.php?rest_route=\/wp\/v2\/pages\/35","targetHints":{"allow":["GET"]}}],"collection":[{"href":"https:\/\/www.awo-arzberg.de\/index.php?rest_route=\/wp\/v2\/pages"}],"about":[{"href":"https:\/\/www.awo-arzberg.de\/index.php?rest_route=\/wp\/v2\/types\/page"}],"author":[{"embeddable":true,"href":"https:\/\/www.awo-arzberg.de\/index.php?rest_route=\/wp\/v2\/users\/1"}],"replies":[{"embeddable":true,"href":"https:\/\/www.awo-arzberg.de\/index.php?rest_route=%2Fwp%2Fv2%2Fcomments&post=35"}],"version-history":[{"count":9,"href":"https:\/\/www.awo-arzberg.de\/index.php?rest_route=\/wp\/v2\/pages\/35\/revisions"}],"predecessor-version":[{"id":2078,"href":"https:\/\/www.awo-arzberg.de\/index.php?rest_route=\/wp\/v2\/pages\/35\/revisions\/2078"}],"wp:attachment":[{"href":"https:\/\/www.awo-arzberg.de\/index.php?rest_route=%2Fwp%2Fv2%2Fmedia&parent=35"}],"curies":[{"name":"wp","href":"https:\/\/api.w.org\/{rel}","templated":true}]}}