{"id":406,"date":"2017-06-27T22:17:02","date_gmt":"2017-06-27T20:17:02","guid":{"rendered":"https:\/\/www.awo-arzberg.de\/?page_id=406"},"modified":"2019-12-16T11:32:57","modified_gmt":"2019-12-16T10:32:57","slug":"stellenangebote","status":"publish","type":"page","link":"https:\/\/www.awo-arzberg.de\/?page_id=406","title":{"rendered":"Stellenangebote"},"content":{"rendered":"<p><span style=\"color: #000000; font-family: arial,helvetica,sans-serif; font-size: 12pt;\"><strong>Lust auf eine neue Herausforderung ?<\/strong><\/span><\/p>\n<ul style=\"list-style-type: circle;\">\n<li><span style=\"font-family: arial,helvetica,sans-serif; font-size: 12pt;\">Sie suchen eine neue Herausforderung im sozialen Bereich ?<\/span><\/li>\n<li><span style=\"font-family: arial,helvetica,sans-serif; font-size: 12pt;\">Sie suchen eine Stelle, bei der Sie Ihr Engagement mit Herz und Leidenschaft einbringen k\u00f6nnen ?<\/span><\/li>\n<\/ul>\n<p><span style=\"color: #000000; font-family: arial,helvetica,sans-serif; font-size: 12pt;\"><strong>Dann sind Sie bei uns richtig.<\/strong><\/span><\/p>\n<p>&nbsp;<\/p>\n<p class=\"lead\"><span style=\"font-family: arial,helvetica,sans-serif; font-size: 12pt;\"><strong>Unseren Besch\u00e4ftigten bieten wir<\/strong><\/span><\/p>\n<ul>\n<li><span style=\"font-family: arial,helvetica,sans-serif; font-size: 12pt;\">ein attraktives, tariflich festgesetztes Entgelt<\/span><\/li>\n<li><span style=\"font-family: arial,helvetica,sans-serif; font-size: 12pt;\">eine durchschnittliche regelm\u00e4\u00dfige w\u00f6chentliche Arbeitszeit<\/span><\/li>\n<li><span style=\"font-family: arial,helvetica,sans-serif; font-size: 12pt;\">eine Jahressonderzahlung<\/span><\/li>\n<li><span style=\"font-family: arial,helvetica,sans-serif; font-size: 12pt;\">die Zahlung Verm\u00f6genswirksamer Leistungen<\/span><\/li>\n<li><span style=\"font-family: arial,helvetica,sans-serif; font-size: 12pt;\">die Gew\u00e4hrung von tariflichem Jahresurlaub und Sonderurlaub<\/span><\/li>\n<li><span style=\"font-family: arial,helvetica,sans-serif; font-size: 12pt;\">die M\u00f6glichkeit, regelm\u00e4\u00dfige Fortbildungsveranstaltungen teilzunehmen<\/span><\/li>\n<li><span style=\"font-family: arial,helvetica,sans-serif; font-size: 12pt;\">Unterst\u00fctzung von beruflichen Weiterbildungen<\/span><\/li>\n<li><span style=\"font-family: arial,helvetica,sans-serif; font-size: 12pt;\">j\u00e4hrliche Mitarbeitergespr\u00e4che<\/span><\/li>\n<\/ul>\n<p><span style=\"font-family: arial,helvetica,sans-serif; font-size: 12pt;\">Ausgew\u00e4hlte Leistungen k\u00f6nnen im Einzelfall abweichen und sind ggf. an weitere Voraussetzungen gekn\u00fcpft.<\/span><\/p>\n<p>&nbsp;<\/p>\n<p><span style=\"color: #000000; font-family: arial,helvetica,sans-serif; font-size: 12pt;\"><strong>Aktuell suchen wir &#8230;<\/strong><\/span><\/p>\n<table>\n<tbody>\n<tr>\n<td><\/td>\n<\/tr>\n<tr>\n<td><\/td>\n<\/tr>\n<tr>\n<td><\/td>\n<\/tr>\n<tr>\n<td><\/td>\n<\/tr>\n<\/tbody>\n<\/table>\n<p>&nbsp;<\/p>\n<p>&nbsp;<\/p>\n<p><span style=\"font-family: arial,helvetica,sans-serif; font-size: 12pt; text-decoration: underline;\"><strong>Bewerbungen an:<\/strong><\/span><\/p>\n<p><span style=\"font-family: arial,helvetica,sans-serif; font-size: 12pt;\">AWO Arzberg e.V.<\/span><\/p>\n<p><span style=\"font-family: arial,helvetica,sans-serif; font-size: 12pt;\">z.Hd. Herrn Wagner<\/span><\/p>\n<p><span style=\"font-family: arial,helvetica,sans-serif; font-size: 12pt;\">Thiersheimer Strasse 1<\/span><\/p>\n<p><span style=\"font-family: arial,helvetica,sans-serif; font-size: 12pt;\">95659 Arzberg<\/span><\/p>\n<p><span style=\"font-family: arial,helvetica,sans-serif; font-size: 12pt;\">wagner[at]awo-arzberg.de<\/span><\/p>\n<p>&nbsp;<\/p>\n","protected":false},"excerpt":{"rendered":"<p>Lust auf eine neue Herausforderung ? Sie suchen eine neue Herausforderung im sozialen Bereich ? Sie suchen eine Stelle, bei der Sie Ihr Engagement mit Herz und Leidenschaft einbringen k\u00f6nnen ? Dann sind Sie bei uns richtig. &nbsp; Unseren Besch\u00e4ftigten bieten wir ein attraktives, tariflich festgesetztes Entgelt eine durchschnittliche regelm\u00e4\u00dfige w\u00f6chentliche Arbeitszeit eine Jahressonderzahlung die [&hellip;]<\/p>\n","protected":false},"author":1,"featured_media":0,"parent":39,"menu_order":9,"comment_status":"closed","ping_status":"closed","template":"","meta":{"footnotes":""},"class_list":["post-406","page","type-page","status-publish","hentry"],"_links":{"self":[{"href":"https:\/\/www.awo-arzberg.de\/index.php?rest_route=\/wp\/v2\/pages\/406","targetHints":{"allow":["GET"]}}],"collection":[{"href":"https:\/\/www.awo-arzberg.de\/index.php?rest_route=\/wp\/v2\/pages"}],"about":[{"href":"https:\/\/www.awo-arzberg.de\/index.php?rest_route=\/wp\/v2\/types\/page"}],"author":[{"embeddable":true,"href":"https:\/\/www.awo-arzberg.de\/index.php?rest_route=\/wp\/v2\/users\/1"}],"replies":[{"embeddable":true,"href":"https:\/\/www.awo-arzberg.de\/index.php?rest_route=%2Fwp%2Fv2%2Fcomments&post=406"}],"version-history":[{"count":24,"href":"https:\/\/www.awo-arzberg.de\/index.php?rest_route=\/wp\/v2\/pages\/406\/revisions"}],"predecessor-version":[{"id":1179,"href":"https:\/\/www.awo-arzberg.de\/index.php?rest_route=\/wp\/v2\/pages\/406\/revisions\/1179"}],"up":[{"embeddable":true,"href":"https:\/\/www.awo-arzberg.de\/index.php?rest_route=\/wp\/v2\/pages\/39"}],"wp:attachment":[{"href":"https:\/\/www.awo-arzberg.de\/index.php?rest_route=%2Fwp%2Fv2%2Fmedia&parent=406"}],"curies":[{"name":"wp","href":"https:\/\/api.w.org\/{rel}","templated":true}]}}