{"id":42,"date":"2017-05-20T21:50:41","date_gmt":"2017-05-20T19:50:41","guid":{"rendered":"https:\/\/www.awo-arzberg.de\/?page_id=42"},"modified":"2026-03-14T10:29:25","modified_gmt":"2026-03-14T09:29:25","slug":"seniorenclub","status":"publish","type":"page","link":"https:\/\/www.awo-arzberg.de\/?page_id=42","title":{"rendered":"Seniorenclub"},"content":{"rendered":"<p data-path-to-node=\"3,0\"><span style=\"font-family: verdana, geneva, sans-serif;\">Viele Seniorinnen und Senioren m\u00f6chten ihre Freizeit aktiv gestalten, neue Kontakte kn\u00fcpfen oder gemeinsam Ausfl\u00fcge unternehmen. Der Seniorenclub der AWO Arzberg e.V. bietet hierf\u00fcr den idealen Rahmen:<\/span><\/p>\n<p data-path-to-node=\"3,1\"><span style=\"font-family: verdana, geneva, sans-serif;\">In den Wintermonaten treffen wir uns jeden zweiten und vierten Dienstag um 14:00 Uhr zum gem\u00fctlichen Beisammensein bei Kaffee und Kuchen oder einer gemeinsamen Brotzeit. In der warmen Jahreszeit (April bis Oktober) tauschen wir jeden zweiten Dienstag die Kaffeetasse gegen den Reisebus und unternehmen Ausflugsfahrten in unsere Region.<\/span><\/p>\n<p data-path-to-node=\"3,2\"><span style=\"font-family: verdana, geneva, sans-serif;\">Wer neugierig geworden ist, darf gerne vorbeikommen! Um besser planen zu k\u00f6nnen, bitten wir um eine vorherige Anmeldung. Und falls Sie nicht mehr so mobil sein sollten: Unser ehrenamtlicher Seniorenfahrdienst holt Sie gerne direkt von zu Hause ab.<\/span><\/p>\n<h4 data-path-to-node=\"3,2\"><span style=\"font-family: verdana, geneva, sans-serif;\">Unsere Termin f\u00fcr den Seniorenclub sind:<\/span><\/h4>\n<p data-path-to-node=\"3,2\"><span style=\"font-family: verdana, geneva, sans-serif;\">24.03.2026<\/span><\/p>\n<p data-path-to-node=\"3,2\"><span style=\"font-family: verdana, geneva, sans-serif;\">28.04.2026<\/span><\/p>\n<p data-path-to-node=\"3,2\"><span style=\"font-family: verdana, geneva, sans-serif;\">26.05.2026<\/span><\/p>\n<p data-path-to-node=\"3,2\"><span style=\"font-family: verdana, geneva, sans-serif;\">23.06.2026<\/span><\/p>\n<p data-path-to-node=\"3,2\"><span style=\"font-family: verdana, geneva, sans-serif;\">Haben Sie noch Fragen oder brauchen weitere Information? Wenden Sie sich gerne an Viktoria Felgenhauer Seniorenbeauftragen der AWO Arzberg unter der Telefonnummer 09233\/1265.<\/span><\/p>\n<p>&nbsp;<\/p>\n<p><img fetchpriority=\"high\" decoding=\"async\" class=\"aligncenter wp-image-2060 size-medium\" src=\"https:\/\/www.awo-arzberg.de\/wp-content\/uploads\/2026\/01\/WhatsApp-Image-2026-01-31-at-10.48.39-e1769860206736-400x232.jpeg\" alt=\"\" width=\"400\" height=\"232\" srcset=\"https:\/\/www.awo-arzberg.de\/wp-content\/uploads\/2026\/01\/WhatsApp-Image-2026-01-31-at-10.48.39-e1769860206736-400x232.jpeg 400w, https:\/\/www.awo-arzberg.de\/wp-content\/uploads\/2026\/01\/WhatsApp-Image-2026-01-31-at-10.48.39-e1769860206736-1024x594.jpeg 1024w, https:\/\/www.awo-arzberg.de\/wp-content\/uploads\/2026\/01\/WhatsApp-Image-2026-01-31-at-10.48.39-e1769860206736-768x445.jpeg 768w, https:\/\/www.awo-arzberg.de\/wp-content\/uploads\/2026\/01\/WhatsApp-Image-2026-01-31-at-10.48.39-e1769860206736-1536x891.jpeg 1536w, https:\/\/www.awo-arzberg.de\/wp-content\/uploads\/2026\/01\/WhatsApp-Image-2026-01-31-at-10.48.39-e1769860206736.jpeg 1540w\" sizes=\"(max-width: 400px) 100vw, 400px\" \/><\/p>\n<p>&nbsp;<\/p>\n","protected":false},"excerpt":{"rendered":"<p>Viele Seniorinnen und Senioren m\u00f6chten ihre Freizeit aktiv gestalten, neue Kontakte kn\u00fcpfen oder gemeinsam Ausfl\u00fcge unternehmen. Der Seniorenclub der AWO Arzberg e.V. bietet hierf\u00fcr den idealen Rahmen: In den Wintermonaten treffen wir uns jeden zweiten und vierten Dienstag um 14:00 Uhr zum gem\u00fctlichen Beisammensein bei Kaffee und Kuchen oder einer gemeinsamen Brotzeit. In der warmen [&hellip;]<\/p>\n","protected":false},"author":1,"featured_media":0,"parent":31,"menu_order":1,"comment_status":"closed","ping_status":"closed","template":"","meta":{"footnotes":""},"class_list":["post-42","page","type-page","status-publish","hentry"],"_links":{"self":[{"href":"https:\/\/www.awo-arzberg.de\/index.php?rest_route=\/wp\/v2\/pages\/42","targetHints":{"allow":["GET"]}}],"collection":[{"href":"https:\/\/www.awo-arzberg.de\/index.php?rest_route=\/wp\/v2\/pages"}],"about":[{"href":"https:\/\/www.awo-arzberg.de\/index.php?rest_route=\/wp\/v2\/types\/page"}],"author":[{"embeddable":true,"href":"https:\/\/www.awo-arzberg.de\/index.php?rest_route=\/wp\/v2\/users\/1"}],"replies":[{"embeddable":true,"href":"https:\/\/www.awo-arzberg.de\/index.php?rest_route=%2Fwp%2Fv2%2Fcomments&post=42"}],"version-history":[{"count":19,"href":"https:\/\/www.awo-arzberg.de\/index.php?rest_route=\/wp\/v2\/pages\/42\/revisions"}],"predecessor-version":[{"id":2371,"href":"https:\/\/www.awo-arzberg.de\/index.php?rest_route=\/wp\/v2\/pages\/42\/revisions\/2371"}],"up":[{"embeddable":true,"href":"https:\/\/www.awo-arzberg.de\/index.php?rest_route=\/wp\/v2\/pages\/31"}],"wp:attachment":[{"href":"https:\/\/www.awo-arzberg.de\/index.php?rest_route=%2Fwp%2Fv2%2Fmedia&parent=42"}],"curies":[{"name":"wp","href":"https:\/\/api.w.org\/{rel}","templated":true}]}}