{"id":44,"date":"2017-05-20T21:51:41","date_gmt":"2017-05-20T19:51:41","guid":{"rendered":"https:\/\/www.awo-arzberg.de\/?page_id=44"},"modified":"2026-03-01T20:58:55","modified_gmt":"2026-03-01T19:58:55","slug":"ausflugsfahrten","status":"publish","type":"page","link":"https:\/\/www.awo-arzberg.de\/?page_id=44","title":{"rendered":"Ausflugsfahrten"},"content":{"rendered":"<p data-path-to-node=\"3\">Genie\u00dfen Sie die warme Jahreszeit in guter Gesellschaft! Von <strong>April bis Oktober<\/strong> lassen wir den Alltag hinter uns und erkunden mit dem Reisebus unsere sch\u00f6ne Region.<\/p>\n<p data-path-to-node=\"4\">Wir sind <strong>jeden zweiten Dienstag<\/strong> f\u00fcr Sie unterwegs. Damit die Vorfreude steigen kann, notieren Sie sich gerne schon unsere n\u00e4chsten Ziele:<\/p>\n<h4 data-path-to-node=\"5\"><b data-path-to-node=\"5\" data-index-in-node=\"0\">Unsere Termine im \u00dcberblick:<\/b><\/h4>\n<p data-path-to-node=\"6,0,0\"><strong>14.04.2026<\/strong> Er\u00f6ffnungsfahrt zur Schlo\u00dfsch\u00e4nke in Friedenfels<\/p>\n<p><strong>12.05.2026<\/strong> Fahrt zum Hotel Regina in Pleystein<\/p>\n<p><strong>10.06.2026 !!Mittwoch!!<\/strong> Fahrt zur kleinen Kappl<\/p>\n<p>&nbsp;<\/p>\n<p>Bitte melden Sie sich vorab bei Viktoria Felgenhauer Seniorenbeauftragen der AWO Arzberg unter der Telefonnummer 09233\/1265 an.<\/p>\n","protected":false},"excerpt":{"rendered":"<p>Genie\u00dfen Sie die warme Jahreszeit in guter Gesellschaft! Von April bis Oktober lassen wir den Alltag hinter uns und erkunden mit dem Reisebus unsere sch\u00f6ne Region. Wir sind jeden zweiten Dienstag f\u00fcr Sie unterwegs. Damit die Vorfreude steigen kann, notieren Sie sich gerne schon unsere n\u00e4chsten Ziele: Unsere Termine im \u00dcberblick: 14.04.2026 Er\u00f6ffnungsfahrt zur Schlo\u00dfsch\u00e4nke [&hellip;]<\/p>\n","protected":false},"author":1,"featured_media":0,"parent":31,"menu_order":2,"comment_status":"closed","ping_status":"closed","template":"","meta":{"footnotes":""},"class_list":["post-44","page","type-page","status-publish","hentry"],"_links":{"self":[{"href":"https:\/\/www.awo-arzberg.de\/index.php?rest_route=\/wp\/v2\/pages\/44","targetHints":{"allow":["GET"]}}],"collection":[{"href":"https:\/\/www.awo-arzberg.de\/index.php?rest_route=\/wp\/v2\/pages"}],"about":[{"href":"https:\/\/www.awo-arzberg.de\/index.php?rest_route=\/wp\/v2\/types\/page"}],"author":[{"embeddable":true,"href":"https:\/\/www.awo-arzberg.de\/index.php?rest_route=\/wp\/v2\/users\/1"}],"replies":[{"embeddable":true,"href":"https:\/\/www.awo-arzberg.de\/index.php?rest_route=%2Fwp%2Fv2%2Fcomments&post=44"}],"version-history":[{"count":11,"href":"https:\/\/www.awo-arzberg.de\/index.php?rest_route=\/wp\/v2\/pages\/44\/revisions"}],"predecessor-version":[{"id":2141,"href":"https:\/\/www.awo-arzberg.de\/index.php?rest_route=\/wp\/v2\/pages\/44\/revisions\/2141"}],"up":[{"embeddable":true,"href":"https:\/\/www.awo-arzberg.de\/index.php?rest_route=\/wp\/v2\/pages\/31"}],"wp:attachment":[{"href":"https:\/\/www.awo-arzberg.de\/index.php?rest_route=%2Fwp%2Fv2%2Fmedia&parent=44"}],"curies":[{"name":"wp","href":"https:\/\/api.w.org\/{rel}","templated":true}]}}