{"id":47,"date":"2017-05-20T21:56:47","date_gmt":"2017-05-20T19:56:47","guid":{"rendered":"https:\/\/www.awo-arzberg.de\/?page_id=47"},"modified":"2026-04-18T14:47:37","modified_gmt":"2026-04-18T12:47:37","slug":"kundeninformation","status":"publish","type":"page","link":"https:\/\/www.awo-arzberg.de\/?page_id=47","title":{"rendered":"Kundeninformation"},"content":{"rendered":"<p data-path-to-node=\"3,0\"><span style=\"font-size: 12pt;\"><strong>Die Arzberger Tafel: Hilfe, die ankommt.<\/strong><\/span><\/p>\n<p data-path-to-node=\"3,0\">Mit einem engagierten Team von \u00fcber 30 ehrenamtlichen Helferinnen und Helfern sichert die Arzberger Tafel die Versorgung von Menschen in Not. Jede Woche werden Lebensmittel bei lokalen M\u00e4rkten abgeholt, sorgf\u00e4ltig sortiert, fachgerecht gelagert und schlie\u00dflich ausgegeben.<\/p>\n<p data-path-to-node=\"3,1\">Dass wir unseren Tafelladen\u00a0am 10. Oktober 2009 er\u00f6ffnen konnten, verdanken wir der gro\u00dfartigen Unterst\u00fctzung zahlreicher Firmen und Privatpersonen aus Arzberg und der gesamten Umgebung. Dieses Vertrauen tr\u00e4gt uns bis heute: Momentan versorgen wir w\u00f6chentlich rund <strong>95 Haushalte und ca. 150 Personen.<\/strong> Wir sagen Danke f\u00fcr diesen starken R\u00fcckhalt.<\/p>\n<p data-path-to-node=\"6,4\">Sie finden unseren Tafelladen in der <b data-path-to-node=\"6,4\" data-index-in-node=\"37\">Thiersheimer Stra\u00dfe 1<\/b>.<\/p>\n<p>&nbsp;<\/p>\n<hr \/>\n<p><a href=\"https:\/\/www.awo-arzberg.de\/wp-content\/uploads\/2026\/01\/Abholzeiten-Maerz26-Okt26.pdf\">Abholzeiten M\u00e4rz 2026 &#8211; Oktober 2026<\/a><\/p>\n<hr \/>\n<p>&nbsp;<\/p>\n<p><span style=\"font-family: arial,helvetica,sans-serif; font-size: 12pt;\"><strong>Wer ist Bezugsberechtigt bei der Arzberger Tafel ?<\/strong><\/span><\/p>\n<p><span style=\"font-family: arial,helvetica,sans-serif; font-size: 12pt;\">Es gen\u00fcgt der Nachweis, dass Sie\u2026<\/span><\/p>\n<ul style=\"list-style-type: circle;\">\n<li><span style=\"font-family: arial,helvetica,sans-serif; font-size: 12pt;\">Hartz IV\/ALG II Empf\u00e4nger sind<\/span><\/li>\n<li><span style=\"font-family: arial,helvetica,sans-serif; font-size: 12pt;\">eine Grundsicherung im Alter haben<\/span><\/li>\n<li><span style=\"font-family: arial,helvetica,sans-serif; font-size: 12pt;\">Hilfe zum Lebensunterhalt bekommen<\/span><\/li>\n<li><span style=\"font-family: arial,helvetica,sans-serif; font-size: 12pt;\">in einer vor\u00fcbergehenden finanziellen Notlage sind<\/span><\/li>\n<\/ul>\n<p data-path-to-node=\"3,0\"><strong>Wie k\u00f6nnen Sie uns helfen?<\/strong><\/p>\n<p data-path-to-node=\"3,1\">Damit die Arzberger Tafel Woche f\u00fcr Woche verl\u00e4sslich arbeiten kann, sind wir auf vielf\u00e4ltige Unterst\u00fctzung angewiesen. Ob Zeit, Sachwerte oder finanzielle Mittel \u2013 jede Hilfe z\u00e4hlt!<\/p>\n<p><strong>Ehrenamtliches Engagement:<\/strong><\/p>\n<p>Wir suchen Menschen, die anpacken m\u00f6chten\u00a0 \u2013 sei es beim Abholen der Waren bei den Superm\u00e4rkten, beim Sortieren der Lebensmittel oder direkt bei der Ausgabe an unsere Kunden.<\/p>\n<p><strong>Sach- und Lebensmittelspenden:<\/strong><\/p>\n<p>Wir danken den Superm\u00e4rkten und Firmen, die uns regelm\u00e4\u00dfig mit Waren versorgen, und freuen uns \u00fcber jede weitere Unterst\u00fctzung durch Unternehmen der Region.<\/p>\n<p><strong>Finanzielle Hilfe:<\/strong><\/p>\n<p>Der Betrieb der Tafel verursacht laufende Kosten. F\u00fcr den Unterhalt unserer Fahrzeuge (Benzin, Wartung) sowie f\u00fcr Strom, Wasser und Heizung sind wir dringend auf Geldspenden angewiesen.<\/p>\n<p>&nbsp;<\/p>\n<p data-path-to-node=\"3,3\"><strong>Helfen Sie uns, damit wir anderen helfen k\u00f6nnen. Gemeinsam st\u00e4rken wir Arzberg!<\/strong><\/p>\n<p><span style=\"font-family: arial,helvetica,sans-serif; font-size: 12pt;\">Wenn sie Fragen haben schreiben sie uns einfach an: <a href=\"mailto:awo-kids@awo-arzberg.de\">hier klicken<\/a><\/span><\/p>\n","protected":false},"excerpt":{"rendered":"<p>Die Arzberger Tafel: Hilfe, die ankommt. Mit einem engagierten Team von \u00fcber 30 ehrenamtlichen Helferinnen und Helfern sichert die Arzberger Tafel die Versorgung von Menschen in Not. Jede Woche werden Lebensmittel bei lokalen M\u00e4rkten abgeholt, sorgf\u00e4ltig sortiert, fachgerecht gelagert und schlie\u00dflich ausgegeben. Dass wir unseren Tafelladen\u00a0am 10. Oktober 2009 er\u00f6ffnen konnten, verdanken wir der gro\u00dfartigen [&hellip;]<\/p>\n","protected":false},"author":1,"featured_media":0,"parent":35,"menu_order":0,"comment_status":"closed","ping_status":"closed","template":"","meta":{"footnotes":""},"class_list":["post-47","page","type-page","status-publish","hentry"],"_links":{"self":[{"href":"https:\/\/www.awo-arzberg.de\/index.php?rest_route=\/wp\/v2\/pages\/47","targetHints":{"allow":["GET"]}}],"collection":[{"href":"https:\/\/www.awo-arzberg.de\/index.php?rest_route=\/wp\/v2\/pages"}],"about":[{"href":"https:\/\/www.awo-arzberg.de\/index.php?rest_route=\/wp\/v2\/types\/page"}],"author":[{"embeddable":true,"href":"https:\/\/www.awo-arzberg.de\/index.php?rest_route=\/wp\/v2\/users\/1"}],"replies":[{"embeddable":true,"href":"https:\/\/www.awo-arzberg.de\/index.php?rest_route=%2Fwp%2Fv2%2Fcomments&post=47"}],"version-history":[{"count":56,"href":"https:\/\/www.awo-arzberg.de\/index.php?rest_route=\/wp\/v2\/pages\/47\/revisions"}],"predecessor-version":[{"id":2393,"href":"https:\/\/www.awo-arzberg.de\/index.php?rest_route=\/wp\/v2\/pages\/47\/revisions\/2393"}],"up":[{"embeddable":true,"href":"https:\/\/www.awo-arzberg.de\/index.php?rest_route=\/wp\/v2\/pages\/35"}],"wp:attachment":[{"href":"https:\/\/www.awo-arzberg.de\/index.php?rest_route=%2Fwp%2Fv2%2Fmedia&parent=47"}],"curies":[{"name":"wp","href":"https:\/\/api.w.org\/{rel}","templated":true}]}}