{"id":49,"date":"2017-05-20T21:58:47","date_gmt":"2017-05-20T19:58:47","guid":{"rendered":"https:\/\/www.awo-arzberg.de\/?page_id=49"},"modified":"2026-01-31T15:58:09","modified_gmt":"2026-01-31T14:58:09","slug":"lebensmittelspender","status":"publish","type":"page","link":"https:\/\/www.awo-arzberg.de\/?page_id=49","title":{"rendered":"Lebensmittelspender"},"content":{"rendered":"<p>Ein herzliches Dankesch\u00f6n gilt den folgenden Unternehmen. Durch ihre regelm\u00e4\u00dfigen Warenspenden leisten sie einen unverzichtbaren Beitrag zur Arbeit der Arzberger Tafel und zeigen gelebte Solidarit\u00e4t in unserer Region:<\/p>\n<p>&nbsp;<\/p>\n<p><span style=\"font-family: arial,helvetica,sans-serif; font-size: 12pt;\">edeka Egert, Arzberg<\/span><\/p>\n<p><span style=\"font-family: arial,helvetica,sans-serif; font-size: 12pt;\">Houdek, Arzberg<\/span><\/p>\n<p><span style=\"font-family: arial,helvetica,sans-serif; font-size: 12pt;\">Netto, Arzberg<\/span><\/p>\n<p><span style=\"font-family: arial,helvetica,sans-serif; font-size: 12pt;\">Kutzer, Konnersreuth<\/span><\/p>\n<p><span style=\"font-family: arial,helvetica,sans-serif; font-size: 12pt;\">edeka, Hohenberg\u00a0<\/span><\/p>\n<p>C&amp;C, Marktredwitz<\/p>\n<p>Edeka Logistikzentrum, Marktredwitz<\/p>\n<p>&nbsp;<\/p>\n<p><span style=\"font-family: arial,helvetica,sans-serif; font-size: 12pt;\">Sie m\u00f6chten uns mit Ware unterst\u00fctzen? Bitte wenden Sie sich an <a href=\"mailto:wagner@awo-arzberg.de\">uns<\/a>.<\/span><\/p>\n","protected":false},"excerpt":{"rendered":"<p>Ein herzliches Dankesch\u00f6n gilt den folgenden Unternehmen. Durch ihre regelm\u00e4\u00dfigen Warenspenden leisten sie einen unverzichtbaren Beitrag zur Arbeit der Arzberger Tafel und zeigen gelebte Solidarit\u00e4t in unserer Region: &nbsp; edeka Egert, Arzberg Houdek, Arzberg Netto, Arzberg Kutzer, Konnersreuth edeka, Hohenberg\u00a0 C&amp;C, Marktredwitz Edeka Logistikzentrum, Marktredwitz &nbsp; Sie m\u00f6chten uns mit Ware unterst\u00fctzen? Bitte wenden Sie [&hellip;]<\/p>\n","protected":false},"author":1,"featured_media":0,"parent":35,"menu_order":2,"comment_status":"closed","ping_status":"closed","template":"","meta":{"footnotes":""},"class_list":["post-49","page","type-page","status-publish","hentry"],"_links":{"self":[{"href":"https:\/\/www.awo-arzberg.de\/index.php?rest_route=\/wp\/v2\/pages\/49","targetHints":{"allow":["GET"]}}],"collection":[{"href":"https:\/\/www.awo-arzberg.de\/index.php?rest_route=\/wp\/v2\/pages"}],"about":[{"href":"https:\/\/www.awo-arzberg.de\/index.php?rest_route=\/wp\/v2\/types\/page"}],"author":[{"embeddable":true,"href":"https:\/\/www.awo-arzberg.de\/index.php?rest_route=\/wp\/v2\/users\/1"}],"replies":[{"embeddable":true,"href":"https:\/\/www.awo-arzberg.de\/index.php?rest_route=%2Fwp%2Fv2%2Fcomments&post=49"}],"version-history":[{"count":8,"href":"https:\/\/www.awo-arzberg.de\/index.php?rest_route=\/wp\/v2\/pages\/49\/revisions"}],"predecessor-version":[{"id":2085,"href":"https:\/\/www.awo-arzberg.de\/index.php?rest_route=\/wp\/v2\/pages\/49\/revisions\/2085"}],"up":[{"embeddable":true,"href":"https:\/\/www.awo-arzberg.de\/index.php?rest_route=\/wp\/v2\/pages\/35"}],"wp:attachment":[{"href":"https:\/\/www.awo-arzberg.de\/index.php?rest_route=%2Fwp%2Fv2%2Fmedia&parent=49"}],"curies":[{"name":"wp","href":"https:\/\/api.w.org\/{rel}","templated":true}]}}