{"id":490,"date":"2017-08-23T09:01:05","date_gmt":"2017-08-23T07:01:05","guid":{"rendered":"https:\/\/www.awo-arzberg.de\/?page_id=490"},"modified":"2026-03-01T21:05:35","modified_gmt":"2026-03-01T20:05:35","slug":"seniorenfahrdienst","status":"publish","type":"page","link":"https:\/\/www.awo-arzberg.de\/?page_id=490","title":{"rendered":"Seniorenfahrdienst"},"content":{"rendered":"<p data-path-to-node=\"2\"><strong><span style=\"font-size: 24pt;\">Unser Seniorenfahrdienst:<\/span><\/strong><\/p>\n<p data-path-to-node=\"2\"><strong><span style=\"font-size: 24pt;\">Mobil und sicher ans Ziel<\/span><\/strong><\/p>\n<p data-path-to-node=\"3\">Manchmal ist der Weg das einzige Hindernis. Wenn \u00f6ffentliche Verkehrsmittel oder andere Dienste f\u00fcr Sie nicht infrage kommen, lassen wir Sie nicht im Stich. Ob gesundheitliche Vorsorge oder soziale Kontakte \u2013 wir bringen Sie sicher an Ihr Ziel.<\/p>\n<h4 data-path-to-node=\"5,0,0\"><b style=\"font-size: 15.2015px;\" data-path-to-node=\"4\" data-index-in-node=\"0\">Wir unterst\u00fctzen Sie gerne, wenn:<\/b><\/h4>\n<p data-path-to-node=\"5,0,0\">&#x1fa7a; <strong>Ein Facharztbesuch<\/strong> ansteht,<\/p>\n<p data-path-to-node=\"5,1,0\">&#x1f6d2; <strong>Eine Einkaufsfahrt<\/strong> geplant ist,<\/p>\n<p data-path-to-node=\"5,2,0\">&#x2615; <strong>Ein Besuch<\/strong> bei Freunden oder Verwandten ansteht.<\/p>\n<p data-path-to-node=\"6\"><strong>Unser Service f\u00fcr Sie:<\/strong> Die Fahrt ist f\u00fcr Sie <strong>kostenfrei<\/strong>. Wir m\u00f6chten sicherstellen, dass Mobilit\u00e4t kein Hindernis f\u00fcr ein aktives Leben in Arzberg darstellt.<\/p>\n<p data-path-to-node=\"7\"><strong>So einfach geht\u2019s:<\/strong> Damit wir alles optimal planen k\u00f6nnen, melden Sie Ihren Fahrtwunsch bitte <strong>rechtzeitig<\/strong> bei unseren Mitarbeiter*innen an: &#x1f4de; <strong>Telefon: 09233 \/ 400 96 21<\/strong><\/p>\n","protected":false},"excerpt":{"rendered":"<p>Unser Seniorenfahrdienst: Mobil und sicher ans Ziel Manchmal ist der Weg das einzige Hindernis. Wenn \u00f6ffentliche Verkehrsmittel oder andere Dienste f\u00fcr Sie nicht infrage kommen, lassen wir Sie nicht im Stich. Ob gesundheitliche Vorsorge oder soziale Kontakte \u2013 wir bringen Sie sicher an Ihr Ziel. Wir unterst\u00fctzen Sie gerne, wenn: &#x1fa7a; Ein Facharztbesuch ansteht, &#x1f6d2; [&hellip;]<\/p>\n","protected":false},"author":1,"featured_media":0,"parent":0,"menu_order":0,"comment_status":"closed","ping_status":"closed","template":"","meta":{"footnotes":""},"class_list":["post-490","page","type-page","status-publish","hentry"],"_links":{"self":[{"href":"https:\/\/www.awo-arzberg.de\/index.php?rest_route=\/wp\/v2\/pages\/490","targetHints":{"allow":["GET"]}}],"collection":[{"href":"https:\/\/www.awo-arzberg.de\/index.php?rest_route=\/wp\/v2\/pages"}],"about":[{"href":"https:\/\/www.awo-arzberg.de\/index.php?rest_route=\/wp\/v2\/types\/page"}],"author":[{"embeddable":true,"href":"https:\/\/www.awo-arzberg.de\/index.php?rest_route=\/wp\/v2\/users\/1"}],"replies":[{"embeddable":true,"href":"https:\/\/www.awo-arzberg.de\/index.php?rest_route=%2Fwp%2Fv2%2Fcomments&post=490"}],"version-history":[{"count":15,"href":"https:\/\/www.awo-arzberg.de\/index.php?rest_route=\/wp\/v2\/pages\/490\/revisions"}],"predecessor-version":[{"id":2147,"href":"https:\/\/www.awo-arzberg.de\/index.php?rest_route=\/wp\/v2\/pages\/490\/revisions\/2147"}],"wp:attachment":[{"href":"https:\/\/www.awo-arzberg.de\/index.php?rest_route=%2Fwp%2Fv2%2Fmedia&parent=490"}],"curies":[{"name":"wp","href":"https:\/\/api.w.org\/{rel}","templated":true}]}}