{"id":67,"date":"2017-05-20T22:07:58","date_gmt":"2017-05-20T20:07:58","guid":{"rendered":"https:\/\/www.awo-arzberg.de\/?page_id=67"},"modified":"2026-03-01T21:19:10","modified_gmt":"2026-03-01T20:19:10","slug":"projekte","status":"publish","type":"page","link":"https:\/\/www.awo-arzberg.de\/?page_id=67","title":{"rendered":"Projekte"},"content":{"rendered":"<p data-path-to-node=\"2,0\"><strong><span style=\"font-size: 24pt;\">Der Arzberger Tafeltag: Ein Fest der Begegnung<\/span><\/strong><\/p>\n<p data-path-to-node=\"2,1\">Jedes Jahr verwandelt sich die Arzberger Tafel in einen Ort des bunten Miteinanders. Unser traditioneller Tafeltag l\u00e4dt dazu ein, Gemeinschaft zu erleben und Gutes zu tun.<\/p>\n<p data-path-to-node=\"2,2\"><strong>Das erwartet Sie:<\/strong><\/p>\n<p data-path-to-node=\"2,3,0,0\">&#x1f372; <strong>Kulinarische Vielfalt:<\/strong> Genie\u00dfen Sie leckere internationale K\u00f6stlichkeiten.<\/p>\n<p data-path-to-node=\"2,3,1,0\">&#x1f3a8; <strong>Buntes Programm: <\/strong>Ein j\u00e4hrlich wechselndes Angebot sorgt f\u00fcr Unterhaltung f\u00fcr Gro\u00df und Klein.<\/p>\n<p data-path-to-node=\"2,4\">Ein herzliches Dankesch\u00f6n an die zahlreichen Besucherinnen und Besucher! Ihre Teilnahme und Unterst\u00fctzung machen diesen Tag jedes Jahr zu etwas ganz Besonderem.<\/p>\n<p><span style=\"font-family: arial,helvetica,sans-serif; font-size: 12pt;\"><img fetchpriority=\"high\" decoding=\"async\" class=\"alignnone size-medium wp-image-536\" src=\"https:\/\/www.awo-arzberg.de\/wp-content\/uploads\/2017\/10\/IMG-20171001-WA0167-225x400.jpg\" alt=\"\" width=\"225\" height=\"400\" \/> <img decoding=\"async\" class=\"alignnone size-medium wp-image-535\" src=\"https:\/\/www.awo-arzberg.de\/wp-content\/uploads\/2017\/10\/IMG-20171001-WA0163-225x400.jpg\" alt=\"\" width=\"225\" height=\"400\" \/> <img decoding=\"async\" class=\"alignnone size-medium wp-image-534\" src=\"https:\/\/www.awo-arzberg.de\/wp-content\/uploads\/2017\/10\/IMG-20171001-WA0159-225x400.jpg\" alt=\"\" width=\"225\" height=\"400\" \/> <img loading=\"lazy\" decoding=\"async\" class=\"size-medium wp-image-533 aligncenter\" src=\"https:\/\/www.awo-arzberg.de\/wp-content\/uploads\/2017\/10\/IMG-20171001-WA0095-400x225.jpg\" alt=\"\" width=\"400\" height=\"225\" \/>\u00a0\u00a0<img loading=\"lazy\" decoding=\"async\" class=\"size-medium wp-image-530 aligncenter\" src=\"https:\/\/www.awo-arzberg.de\/wp-content\/uploads\/2017\/10\/IMG-20171001-WA0016-400x225.jpg\" alt=\"\" width=\"400\" height=\"225\" \/><img loading=\"lazy\" decoding=\"async\" class=\"size-medium wp-image-531 aligncenter\" src=\"https:\/\/www.awo-arzberg.de\/wp-content\/uploads\/2017\/10\/IMG-20171001-WA0071-400x225.jpg\" alt=\"\" width=\"400\" height=\"225\" \/><\/span><\/p>\n<p><span style=\"font-family: arial,helvetica,sans-serif; font-size: 12pt;\"><img loading=\"lazy\" decoding=\"async\" class=\"size-medium wp-image-532 aligncenter\" src=\"https:\/\/www.awo-arzberg.de\/wp-content\/uploads\/2017\/10\/IMG-20171001-WA0094-225x400.jpg\" alt=\"\" width=\"225\" height=\"400\" \/><\/span><\/p>\n","protected":false},"excerpt":{"rendered":"<p>Der Arzberger Tafeltag: Ein Fest der Begegnung Jedes Jahr verwandelt sich die Arzberger Tafel in einen Ort des bunten Miteinanders. Unser traditioneller Tafeltag l\u00e4dt dazu ein, Gemeinschaft zu erleben und Gutes zu tun. Das erwartet Sie: &#x1f372; Kulinarische Vielfalt: Genie\u00dfen Sie leckere internationale K\u00f6stlichkeiten. &#x1f3a8; Buntes Programm: Ein j\u00e4hrlich wechselndes Angebot sorgt f\u00fcr Unterhaltung f\u00fcr [&hellip;]<\/p>\n","protected":false},"author":1,"featured_media":0,"parent":35,"menu_order":4,"comment_status":"closed","ping_status":"closed","template":"","meta":{"footnotes":""},"class_list":["post-67","page","type-page","status-publish","hentry"],"_links":{"self":[{"href":"https:\/\/www.awo-arzberg.de\/index.php?rest_route=\/wp\/v2\/pages\/67","targetHints":{"allow":["GET"]}}],"collection":[{"href":"https:\/\/www.awo-arzberg.de\/index.php?rest_route=\/wp\/v2\/pages"}],"about":[{"href":"https:\/\/www.awo-arzberg.de\/index.php?rest_route=\/wp\/v2\/types\/page"}],"author":[{"embeddable":true,"href":"https:\/\/www.awo-arzberg.de\/index.php?rest_route=\/wp\/v2\/users\/1"}],"replies":[{"embeddable":true,"href":"https:\/\/www.awo-arzberg.de\/index.php?rest_route=%2Fwp%2Fv2%2Fcomments&post=67"}],"version-history":[{"count":7,"href":"https:\/\/www.awo-arzberg.de\/index.php?rest_route=\/wp\/v2\/pages\/67\/revisions"}],"predecessor-version":[{"id":2153,"href":"https:\/\/www.awo-arzberg.de\/index.php?rest_route=\/wp\/v2\/pages\/67\/revisions\/2153"}],"up":[{"embeddable":true,"href":"https:\/\/www.awo-arzberg.de\/index.php?rest_route=\/wp\/v2\/pages\/35"}],"wp:attachment":[{"href":"https:\/\/www.awo-arzberg.de\/index.php?rest_route=%2Fwp%2Fv2%2Fmedia&parent=67"}],"curies":[{"name":"wp","href":"https:\/\/api.w.org\/{rel}","templated":true}]}}