{"id":757,"date":"2018-05-23T08:51:22","date_gmt":"2018-05-23T06:51:22","guid":{"rendered":"https:\/\/www.awo-arzberg.de\/?page_id=757"},"modified":"2026-03-07T09:02:22","modified_gmt":"2026-03-07T08:02:22","slug":"datenschutz","status":"publish","type":"page","link":"https:\/\/www.awo-arzberg.de\/?page_id=757","title":{"rendered":"Datenschutz"},"content":{"rendered":"<h2 id=\"Hauptinhalt\" title=\"Datenschutz\"><span style=\"font-family: arial,helvetica,sans-serif;\">Datenschutz<\/span><\/h2>\n<h4><span style=\"font-family: arial,helvetica,sans-serif;\">Verantwortliche Stelle<\/span><\/h4>\n<p><span style=\"font-family: arial,helvetica,sans-serif; font-size: 12pt;\">Verantwortliche Stelle f\u00fcr die Verarbeitung Ihrer personenbezogenen Daten ist<\/span><\/p>\n<p><span style=\"font-family: arial,helvetica,sans-serif; font-size: 12pt;\">AWO Arzberg e.V.<\/span><br \/>\n<span style=\"font-family: arial,helvetica,sans-serif; font-size: 12pt;\">Thiersheimerstrasse 1<\/span><br \/>\n<span style=\"font-family: arial,helvetica,sans-serif; font-size: 12pt;\">95659 Arzberg<\/span><br \/>\n<span style=\"font-family: arial,helvetica,sans-serif; font-size: 12pt;\">Telefon:09233 \/ 77 09 179<\/span><br \/>\n<span style=\"font-family: arial,helvetica,sans-serif; font-size: 12pt;\">E-Mail:\u00a0<a href=\"mailto:Datenschutz@awo-arzberg.de\">datenschutz@awo-arzberg.de<\/a><\/span><\/p>\n<p>&nbsp;<\/p>\n<p><span style=\"font-family: arial,helvetica,sans-serif; font-size: 12pt;\">Wir nehmen den Schutz Ihrer pers\u00f6nlichen Daten sehr ernst und behandeln Ihre personenbezogenen Daten vertraulich und entsprechend der gesetzlichen Datenschutzvorschriften sowie dieser Datenschutzerkl\u00e4rung.<\/span><br \/>\n<span style=\"font-family: arial,helvetica,sans-serif; font-size: 12pt;\">Wir erheben auf unserer Website www.awo-arzberg.de nichtpersonenbezogene Daten und personenbezogene Daten.<\/span><\/p>\n<h4><span style=\"font-family: arial,helvetica,sans-serif;\">Nicht personenbezogene Daten<\/span><\/h4>\n<p><span style=\"font-family: arial,helvetica,sans-serif; font-size: 12pt;\">Bei jedem Zugriff eines_r Nutzers_in auf eine Seite aus dem Internetangebot des AWO Ortsverein Arzberg e.V. und bei jedem Abruf einer Datei werden Zugriffsdaten \u00fcber diesen Vorgang in einer Protokolldatei auf unserem Server gespeichert.<\/span><br \/>\n<span style=\"font-family: arial,helvetica,sans-serif; font-size: 12pt;\">Jeder Datensatz besteht aus:<\/span><\/p>\n<ul>\n<li><span style=\"font-family: arial,helvetica,sans-serif; font-size: 12pt;\">der Seite, von der aus die Datei angefordert wurde<\/span><\/li>\n<li><span style=\"font-family: arial,helvetica,sans-serif; font-size: 12pt;\">dem Verschl\u00fcsselungsprotokoll und Verschl\u00fcsselungsalgorithmus<\/span><\/li>\n<li><span style=\"font-family: arial,helvetica,sans-serif; font-size: 12pt;\">dem Namen der Datei, der Seite, die Sie abrufen<\/span><\/li>\n<li><span style=\"font-family: arial,helvetica,sans-serif; font-size: 12pt;\">dem Datum und Uhrzeit der Anforderung<\/span><\/li>\n<li><span style=\"font-family: arial,helvetica,sans-serif; font-size: 12pt;\">der \u00fcbertragenen Datenmenge<\/span><\/li>\n<li><span style=\"font-family: arial,helvetica,sans-serif; font-size: 12pt;\">dem Zugriffsstatus (Datei \u00fcbertragen, Datei nicht gefunden etc.)<\/span><\/li>\n<li><span style=\"font-family: arial,helvetica,sans-serif; font-size: 12pt;\">einer Beschreibung des Typs des verwendeten Webbrowsers<\/span><\/li>\n<li><span style=\"font-family: arial,helvetica,sans-serif; font-size: 12pt;\">der IP-Adresse des Clients<\/span><\/li>\n<\/ul>\n<p><span style=\"font-family: arial,helvetica,sans-serif; font-size: 12pt;\">Diese Informationen sind f\u00fcr die technische \u00dcbertragung der Webseiten und den sicheren Serverbetrieb zwingend erforderlich. Diese Daten lassen sich f\u00fcr uns als Seitenbetreiber nicht bestimmten Personen oder wirklichen Identit\u00e4ten zuordnen.<\/span><br \/>\n<span style=\"font-family: arial,helvetica,sans-serif; font-size: 12pt;\">Eine Zusammenf\u00fchrung dieser Daten mit anderen Datenquellen wird nicht vorgenommen. Die Daten werden ausschlie\u00dflich f\u00fcr interne statistische Auswertungen im direkten Zusammenhang mit dieser Website genutzt. Eine Weitergabe an Dritte, zu kommerziellen oder zu nichtkommerziellen Zwecken, findet nicht statt.<\/span><br \/>\n<span style=\"font-family: arial,helvetica,sans-serif; font-size: 12pt;\">Wir m\u00f6chten unsere Website im Interesse der Nutzer verbessern und setzen daher die Software Google Analytics als Analyseinstrument ein. Diese erhebt und speichert ebenfalls nicht personenbezogene Daten. Erl\u00e4uterungen hierzu weiter unten unter Google Analytics.<\/span><\/p>\n<h4><span style=\"font-family: arial,helvetica,sans-serif;\">Personenbezogene Daten<\/span><\/h4>\n<p><span style=\"font-family: arial,helvetica,sans-serif; font-size: 12pt;\">Personenbezogene Daten hingegen sind Informationen, die bestimmten Personen oder Identit\u00e4ten zugeordnet werden k\u00f6nnen. Darunter fallen Angaben wie Ihr richtiger Name, Ihre Adresse, Ihre Postanschrift und Ihre Telefonnummer.<\/span><br \/>\n<span style=\"font-family: arial,helvetica,sans-serif; font-size: 12pt;\">Grunds\u00e4tzlich kann die Webseite des AWO Ortsvereines Arzberg e.V. ohne Offenlegung Ihrer Identit\u00e4t genutzt werden.<\/span><br \/>\n<span style=\"font-family: arial,helvetica,sans-serif; font-size: 12pt;\">Auf einigen Seiten innerhalb des Internetangebotes ist jedoch eine Abfrage und anschlie\u00dfende Speicherung von pers\u00f6nlichen Daten erforderlich, damit die dort angebotenen Vorg\u00e4nge ausgef\u00fchrt werden k\u00f6nnen.<\/span><br \/>\n<span style=\"font-family: arial,helvetica,sans-serif; font-size: 12pt;\">Sofern innerhalb unseres Internetangebotes die M\u00f6glichkeit zur Eingabe pers\u00f6nlicher oder gesch\u00e4ftlicher Daten (E-Mail-Adressen, Namen, Anschriften, Telefonnummern, Kontodaten, etc.) besteht, so erfolgt die Preisgabe dieser Daten durch Sie, also seitens des_der Nutzers_in, auf ausdr\u00fccklich freiwilliger Basis.<\/span><br \/>\n<span style=\"font-family: arial,helvetica,sans-serif; font-size: 12pt;\">Treten Sie mit uns auf elektronischem Wege per E-Mail in Kontakt, so gilt ebenfalls dass die Preisgabe dieser Daten durch Sie, also seitens des_der Nutzers_in, auf ausdr\u00fccklich freiwilliger Basis passiert.<\/span><br \/>\n<span style=\"font-family: arial,helvetica,sans-serif; font-size: 12pt;\">Ihre Daten werden vertraulich behandelt und nicht an Dritte weitergegeben. Wir nutzen und speichern sie ausschlie\u00dflich f\u00fcr verbandsinterne Zwecke der Arbeiterwohlfahrt und zur Mitgliederverwaltung (sowie \u2013 wenn die Mitgliedschaft im Jugendwerk beantragt wurde \u2013 im Jugendwerk).<\/span><br \/>\n<span style=\"font-family: arial,helvetica,sans-serif; font-size: 12pt;\">Eine Verkn\u00fcpfung mit oben genannten Zugriffsdaten findet nicht statt.<\/span><\/p>\n<h4><span style=\"font-family: arial,helvetica,sans-serif; font-size: 12pt;\">Auskunftsrecht und Widerspruch<\/span><\/h4>\n<p><span style=\"font-family: arial,helvetica,sans-serif; font-size: 12pt;\">Sie k\u00f6nnen jederzeit Auskunft \u00fcber Ihre beim AWO Ortsverein Arzberg e.V. gespeicherten personenbezogenen Daten, deren Herkunft und Empf\u00e4nger sowie den Zweck der Datenverarbeitung anfordern. Zus\u00e4tzlich k\u00f6nnen Sie eine Berichtigung, Sperrung und L\u00f6schung dieser personenbezogenen Daten verlangen. Wir kommen diesem Wunsch unverz\u00fcglich nach, sofern einer L\u00f6schung keine Dokumentations- oder Aufbewahrungspflichten entgegenstehen. Au\u00dferdem k\u00f6nnen Sie Ihre Einwilligung in die Datenschutzbestimmungen des AWO Ortsvereines jederzeit widerrufen. Bitte wenden Sie sich hierzu an:<\/span><\/p>\n<p><span style=\"font-family: arial,helvetica,sans-serif; font-size: 12pt;\">AWO Ortsverein Arzberg e.V.<\/span><br \/>\n<span style=\"font-family: arial,helvetica,sans-serif; font-size: 12pt;\">Thiersheimer Strasse 1<\/span><br \/>\n<span style=\"font-family: arial,helvetica,sans-serif; font-size: 12pt;\">95659 Arzberg<\/span><br \/>\n<span style=\"font-family: arial,helvetica,sans-serif; font-size: 12pt;\">Telefon: 09233 \/ 77 09 179<\/span><br \/>\n<span style=\"font-family: arial,helvetica,sans-serif; font-size: 12pt;\">E-Mail:\u00a0<a href=\"mailto:Datenschutz@awo-arzberg.de\">datenschutz@awo-arzberg.de<\/a><\/span><\/p>\n<h4><span style=\"font-family: arial,helvetica,sans-serif; font-size: 12pt;\">Cookies<\/span><\/h4>\n<p><span style=\"font-family: arial,helvetica,sans-serif; font-size: 12pt;\">Cookies sind kleine Textdateien, die zusammen mit den eigentlich angeforderten Daten aus dem Internet an Ihren Computer \u00fcbermittelt werden. Dort werden diese Daten gespeichert und f\u00fcr einen sp\u00e4teren Abruf bereitgehalten.<\/span><br \/>\n<span style=\"font-family: arial,helvetica,sans-serif; font-size: 12pt;\">Wir setzen Cookies nur im Zusammenhang mit Google Analytics ein (siehe weiter unten unter Google Analytics). Auch auf verlinkten Seiten k\u00f6nnen m\u00f6glicherweise Cookies zum Einsatz kommen, ohne dass wir Sie vorher darauf hinweisen k\u00f6nnen.<\/span><br \/>\n<span style=\"font-family: arial,helvetica,sans-serif; font-size: 12pt;\">Die meisten Browser sind so eingestellt, dass sie Cookies automatisch akzeptieren. Sie k\u00f6nnen das Speichern von Cookies jedoch deaktivieren oder Ihren Browser so einstellen, dass er Sie benachrichtigt, sobald Cookies gesetzt werden.<\/span><\/p>\n<h4><span style=\"font-family: arial,helvetica,sans-serif; font-size: 12pt;\"><strong>Facebook\/Twitter-Plugins (Like-Button)<\/strong><\/span><\/h4>\n<p><span style=\"font-family: arial,helvetica,sans-serif; font-size: 12pt;\">Auf unseren Seiten stehen Buttons von Facebook und Twitter, die dazu dienen, einzelne Seiten von dieser Webseite in Ihren Facebook- bzw. Twitter-Benutzerzug\u00e4ngen einzubinden und weiterzuempfehlen. Diese Buttons \u00fcbertragen normalerweise schon beim Laden der Seite \u2013 also ohne dass der Anwender etwas dazu tut \u2013 Daten an die Betreiber der beiden Netzwerkplattformen. Sie enthalten neben der URL der aktuellen Seite unter anderem eine Kennung, die zumindest bei dort angemeldeten Nutzer\/innen direkt mit einer Person verkn\u00fcpft ist. Die Netzwerkplattformen k\u00f6nnen also komplette Surfprofile ihrer Nutzer\/innen erstellen. Da dies mit unseren Vorstellungen von Datenschutz und Privatsph\u00e4re nicht vereinbar ist, verwenden wir daf\u00fcr die sogenannte \u00bbZwei-Klick-L\u00f6sung\u00ab.<\/span><\/p>\n<p><span style=\"font-family: arial,helvetica,sans-serif; font-size: 12pt;\">Wir betten standardm\u00e4\u00dfig deaktivierte Buttons ein, die keinen Kontakt mit den Servern von Facebook und Twitter herstellen. Erst wenn der Anwender diese aktiviert und damit seine Zustimmung zur Kommunikation mit Facebook bzw. Twitter erkl\u00e4rt, werden die Buttons aktiv und stellen die Verbindung her. Dann kann der Anwender mit einem zweiten Klick seine Empfehlung \u00fcbermitteln. Ist er beim sozialen Netz seiner Wahl bereits angemeldet, erfolgt das bei Facebook ohne ein weiteres Fenster. Bei Twitter erscheint ein Popup-Fenster, in dem man den Text des Tweets noch bearbeiten kann.<\/span><\/p>\n<p><span style=\"font-family: arial,helvetica,sans-serif; font-size: 12pt;\">Ein Klick auf einen dieser Buttons bedeutet somit, dass der Anwender seine Zustimmung erteilt, Daten an den jeweiligen Betreiber des sozialen Netzes zu \u00fcbermitteln. Aber nur f\u00fcr diese eine Seite und f\u00fcr den angew\u00e4hlten Dienst.<\/span><\/p>\n<p><span style=\"font-family: arial,helvetica,sans-serif; font-size: 12pt;\">Weitere Informationen hierzu finden Sie in den Datenschutzhinweisen von Facebook<\/span><br \/>\n<span style=\"font-family: arial,helvetica,sans-serif; font-size: 12pt;\"><a class=\"external\" href=\"http:\/\/facebook.com\/about\/privacy\/\">www.facebook.com\/about\/privacy\/<\/a><\/span><\/p>\n<p><span style=\"font-family: arial,helvetica,sans-serif; font-size: 12pt;\">Wenn Sie nicht w\u00fcnschen, dass Facebook den Besuch unserer Seiten Ihrem Facebook-Nutzerkonto zuordnen kann, loggen Sie sich bitte aus Ihrem Facebook-Benutzerkonto aus.<\/span><\/p>\n<h4><span style=\"font-family: arial,helvetica,sans-serif; font-size: 12pt;\">Links zu anderen Websites<\/span><\/h4>\n<p><span style=\"font-family: arial,helvetica,sans-serif; font-size: 12pt;\">Unser Internetangebot enth\u00e4lt Links zu anderen Websites. Wir haben keinen Einfluss darauf, dass die Betreiber anderer Websites die Datenschutzbestimmungen einhalten.<\/span><br \/>\n<span style=\"font-family: arial,helvetica,sans-serif; font-size: 12pt;\">Der AWO Ortsverein Arzberg e.V. ist als Anbieter f\u00fcr eigene Inhalte nach den allgemeinen Gesetzen verantwortlich. Von diesen eigenen Inhalten sind unter Umst\u00e4nden &#8222;Links&#8220; auf die von anderen Anbietern_innen bereitgehaltenen Inhalte zu unterscheiden. F\u00fcr fremde Inhalte, die \u00fcber Links zur Nutzung bereitgestellt werden und besonders gekennzeichnet sind, \u00fcbernimmt der AWO Ortsverein keine Verantwortung und macht sich deren Inhalt nicht zu Eigen. F\u00fcr illegale, fehlerhafte oder unvollst\u00e4ndige Inhalte sowie f\u00fcr Sch\u00e4den, die durch die Nutzung oder Nichtnutzung der Informationen entstehen, haftet allein der_die Anbieter_in der Website, auf die verwiesen wurde. F\u00fcr fremde Hinweise ist die Redaktion nur dann verantwortlich, wenn sie von ihnen, d.h. auch von einem eventuellen rechtswidrigen bzw. strafbaren Inhalt, positive Kenntnis hat, und es technisch m\u00f6glich und zumutbar ist, deren Nutzung zu verhindern.<\/span><\/p>\n<h4><span style=\"font-family: arial,helvetica,sans-serif; font-size: 12pt;\">Datensicherheit: Verschl\u00fcsselte Daten\u00fcbertragung per SSL<\/span><\/h4>\n<p><span style=\"font-family: arial,helvetica,sans-serif; font-size: 12pt;\">Wir sind sehr bem\u00fcht, Ihre Daten zu sch\u00fctzen. Daher nutzen wir auf unserer Website verschl\u00fcsselte Daten\u00fcbertragung via SSL-Verschl\u00fcsselung. Dies ist das g\u00e4ngige Verfahren um Daten sicher \u00fcber das Internet auszutauschen und dabei vor Einblicken Dritter zu sch\u00fctzen.<\/span><br \/>\n<span style=\"font-family: arial,helvetica,sans-serif; font-size: 12pt;\">Wir weisen aber darauf hin, dass die Daten\u00fcbertragung im Internet Sicherheitsl\u00fccken aufweisen kann. Ein komplett l\u00fcckenloser Schutz der Daten vor dem Zugriff durch Dritte auf unserer Website und bei Kontaktierung per E-Mail ist nicht m\u00f6glich.<\/span><\/p>\n<h3><span style=\"font-family: arial,helvetica,sans-serif; font-size: 12pt;\">Google Analytics<\/span><\/h3>\n<p><span style=\"font-family: arial,helvetica,sans-serif; font-size: 12pt;\">Diese Website benutzt Google Analytics, einen Webanalysedienst der Google Inc. (\u201eGoogle\u201c). Google Analytics verwendet sog. \u201eCookies\u201c, Textdateien, die auf Ihrem Computer gespeichert werden und die eine Analyse der Benutzung der Website durch Sie erm\u00f6glichen. Die durch das Cookie erzeugten Informationen \u00fcber Ihre Benutzung dieser Website werden in der Regel an einen Server von Google in den USA \u00fcbertragen und dort gespeichert. Im Falle der Aktivierung der IP-Anonymisierung auf dieser Website, wird Ihre IP-Adresse von Google jedoch innerhalb von Mitgliedstaaten der Europ\u00e4ischen Union oder in anderen Vertragsstaaten des Abkommens \u00fcber den Europ\u00e4ischen Wirtschaftsraum zuvor gek\u00fcrzt. Nur in Ausnahmef\u00e4llen wird die volle IP-Adresse an einen Server von Google in den USA \u00fcbertragen und dort gek\u00fcrzt.<\/span><br \/>\n<span style=\"font-family: arial,helvetica,sans-serif; font-size: 12pt;\">Im Auftrag des AWO Ortsvereines Arzberg e.V. wird Google diese Informationen benutzen, um Ihre Nutzung der Website auszuwerten, um Reports \u00fcber die Websiteaktivit\u00e4ten zusammenzustellen und um weitere mit der Websitenutzung und der Internetnutzung verbundene Dienstleistungen gegen\u00fcber dem Websitebetreiber zu erbringen. Die im Rahmen von Google Analytics von Ihrem Browser \u00fcbermittelte IP-Adresse wird nicht mit anderen Daten von Google zusammengef\u00fchrt.<\/span><br \/>\n<span style=\"font-family: arial,helvetica,sans-serif; font-size: 12pt;\">Sie k\u00f6nnen die Speicherung der Cookies durch eine entsprechende Einstellung Ihrer Browser-Software verhindern. Sie k\u00f6nnen dar\u00fcber hinaus die Erfassung der durch das Cookie erzeugten und auf Ihre Nutzung der Website bezogenen Daten (inkl. Ihrer IP-Adresse) an Google sowie die Verarbeitung dieser Daten durch Google verhindern, indem Sie das unter dem folgenden Link\u00a0<a title=\"\u00d6ffnet einen Link in neuem Fenster\" href=\"http:\/\/tools.google.com\/dlpage\/gaoptout?hl=de\" target=\"_blank\" rel=\"noopener noreferrer\">http:\/\/tools.google.com\/dlpage\/gaoptout?hl=de<\/a>\u00a0verf\u00fcgbare Browser-Plugin herunterladen und installieren.<\/span><br \/>\n<span style=\"font-family: arial,helvetica,sans-serif; font-size: 12pt;\">Sie k\u00f6nnen die Erfassung durch Google Analytics verhindern, indem Sie auf den folgenden Link klicken. Es wird ein Opt-Out-Cookie gesetzt, das die zuk\u00fcnftige Erfassung Ihrer Daten beim Besuch dieser Website verhindert:\u00a0<a href=\"https:\/\/www.awo-bayern.de\/datenschutz\/\">Google Analytics deaktivieren<\/a>.<\/span><br \/>\n<span style=\"font-family: arial,helvetica,sans-serif; font-size: 12pt;\">N\u00e4here Informationen zu Nutzungsbedingungen und Datenschutz finden Sie unter\u00a0<a title=\"\u00d6ffnet einen Link in neuem Fenster\" href=\"http:\/\/www.google.com\/analytics\/terms\/de.html\" target=\"_blank\" rel=\"noopener noreferrer\">http:\/\/www.google.com\/analytics\/terms\/de.html<\/a>\u00a0bzw. unter\u00a0<a href=\"https:\/\/www.google.de\/intl\/de\/policies\/\" target=\"_blank\" rel=\"noopener noreferrer\">https:\/\/www.google.de\/intl\/de\/policies\/.<\/a><\/span><br \/>\n<span style=\"font-family: arial,helvetica,sans-serif; font-size: 12pt;\">Wir weisen Sie darauf hin, dass auf dieser Website Google Analytics um den Code \u201eanonymizeIp\u201c erweitert wurde, um eine anonymisierte Erfassung von IP-Adressen (sog. IP-Masking) zu gew\u00e4hrleisten.<\/span><br \/>\n<span style=\"font-family: arial,helvetica,sans-serif; font-size: 12pt;\">Durch die Nutzung dieser Website erkl\u00e4ren Sie sich mit der Bearbeitung der \u00fcber Sie erhobenen Daten durch Google in der zuvor beschriebenen Art und Weise und zu dem zuvor benannten Zweck einverstanden.<\/span><\/p>\n<p><span style=\"font-family: arial,helvetica,sans-serif; font-size: 12pt;\">Quelle:\u00a0<a href=\"http:\/\/www.datenschutzbeauftragter-info.de\/\" target=\"_blank\" rel=\"noopener noreferrer\">www.datenschutzbeauftragter-info.de<\/a><\/span><\/p>\n<h3><span style=\"font-family: arial,helvetica,sans-serif; font-size: 12pt;\">Kontakt<\/span><\/h3>\n<p><span style=\"font-family: arial,helvetica,sans-serif; font-size: 12pt;\">Sie haben Fragen und Anregungen zum Datenschutz? Dann kommen Sie jederzeit auf uns zu. Wenden Sie sich hierzu bitte an:<\/span><\/p>\n<p><span style=\"font-family: arial,helvetica,sans-serif; font-size: 12pt;\">AWO Arzberg e.V.<\/span><br \/>\n<span style=\"font-family: arial,helvetica,sans-serif; font-size: 12pt;\">Thiersheimerstrasse 1<\/span><br \/>\n<span style=\"font-family: arial,helvetica,sans-serif; font-size: 12pt;\">95659 Arzberg<\/span><br \/>\n<span style=\"font-family: arial,helvetica,sans-serif; font-size: 12pt;\">Telefon:09233 \/ 77 09 179<\/span><br \/>\n<span style=\"font-family: arial,helvetica,sans-serif; font-size: 12pt;\">E-Mail:\u00a0<a href=\"mailto:Datenschutz@awo-arzberg.de\">datenschutz@awo-arzberg.de<\/a><\/span><\/p>\n<h3><span style=\"font-family: arial,helvetica,sans-serif; font-size: 12pt;\">Nutzung Kontaktdaten f\u00fcr Werbung und Informationsmaterialien<\/span><\/h3>\n<p><span style=\"font-family: arial,helvetica,sans-serif; font-size: 12pt;\">Der Nutzung der hier im Rahmen der Impressumspflicht ver\u00f6ffentlichten Kontaktdaten durch Dritte zur \u00dcbersendung von nicht ausdr\u00fccklich angeforderter Werbung und Informationsmaterialien widersprechen wir hiermit ausdr\u00fccklich. Wir behalten uns als Betreiber der Webseite ausdr\u00fccklich rechtliche Schritte im Falle der nicht angeforderten Zusendung von Werbeinformationen, zum Beispiel durch Spam-Mails, vor.<\/span><\/p>\n","protected":false},"excerpt":{"rendered":"<p>Datenschutz Verantwortliche Stelle Verantwortliche Stelle f\u00fcr die Verarbeitung Ihrer personenbezogenen Daten ist AWO Arzberg e.V. Thiersheimerstrasse 1 95659 Arzberg Telefon:09233 \/ 77 09 179 E-Mail:\u00a0datenschutz@awo-arzberg.de &nbsp; Wir nehmen den Schutz Ihrer pers\u00f6nlichen Daten sehr ernst und behandeln Ihre personenbezogenen Daten vertraulich und entsprechend der gesetzlichen Datenschutzvorschriften sowie dieser Datenschutzerkl\u00e4rung. Wir erheben auf unserer Website www.awo-arzberg.de [&hellip;]<\/p>\n","protected":false},"author":1,"featured_media":0,"parent":0,"menu_order":0,"comment_status":"closed","ping_status":"closed","template":"","meta":{"footnotes":""},"class_list":["post-757","page","type-page","status-publish","hentry"],"_links":{"self":[{"href":"https:\/\/www.awo-arzberg.de\/index.php?rest_route=\/wp\/v2\/pages\/757","targetHints":{"allow":["GET"]}}],"collection":[{"href":"https:\/\/www.awo-arzberg.de\/index.php?rest_route=\/wp\/v2\/pages"}],"about":[{"href":"https:\/\/www.awo-arzberg.de\/index.php?rest_route=\/wp\/v2\/types\/page"}],"author":[{"embeddable":true,"href":"https:\/\/www.awo-arzberg.de\/index.php?rest_route=\/wp\/v2\/users\/1"}],"replies":[{"embeddable":true,"href":"https:\/\/www.awo-arzberg.de\/index.php?rest_route=%2Fwp%2Fv2%2Fcomments&post=757"}],"version-history":[{"count":5,"href":"https:\/\/www.awo-arzberg.de\/index.php?rest_route=\/wp\/v2\/pages\/757\/revisions"}],"predecessor-version":[{"id":1078,"href":"https:\/\/www.awo-arzberg.de\/index.php?rest_route=\/wp\/v2\/pages\/757\/revisions\/1078"}],"wp:attachment":[{"href":"https:\/\/www.awo-arzberg.de\/index.php?rest_route=%2Fwp%2Fv2%2Fmedia&parent=757"}],"curies":[{"name":"wp","href":"https:\/\/api.w.org\/{rel}","templated":true}]}}